{"id":394,"date":"2025-11-21T11:27:02","date_gmt":"2025-11-21T11:27:02","guid":{"rendered":"https:\/\/www.hotel-sanmarco.at\/biker\/"},"modified":"2025-11-28T01:07:36","modified_gmt":"2025-11-28T01:07:36","slug":"biker","status":"publish","type":"page","link":"https:\/\/www.hotel-sanmarco.at\/it\/biker\/","title":{"rendered":"Biker"},"content":{"rendered":"\n\n<div class=\"hero-small-wrapper alignfull align wp-block-acf-hero-small is-layout-flow wp-block-acf-hero-small-is-layout-flow\" id=\"block_1b55be6d3fd432736a14189882042291\" >\n\n    <div class=\"hero-small-content\">\n\n<h1 class=\"wp-block-heading\">Biker all&#8217;Hotel San Marco Lannach<\/h1>\n\n\n\n<h2 class=\"wp-block-heading\">Arriva. Parcheggia. Sentiti a tuo agio.  <\/h2>\n\n<\/div>\n\n<\/div>\n\n<div class=\"wp-block-media-text has-media-on-the-right is-stacked-on-mobile is-image-fill-element\" style=\"margin-top:var(--wp--preset--spacing--80);margin-bottom:var(--wp--preset--spacing--80)\"><div class=\"wp-block-media-text__content\">\n<h2 class=\"wp-block-heading\">Un posto dove tu e la tua moto siete in buone mani<\/h2>\n\n\n\n<p>Sei in tour. Non hai bisogno di romanticismo, ma di un posto su cui puoi contare. <\/p>\n\n\n\n<p>La tua moto \u00e8 al sicuro, la tua camera \u00e8 pronta. E il giorno dopo inizia con caff\u00e8 forte, una buona colazione e un itinerario che magari ricevi direttamente dalla titolare. <\/p>\n\n\n\n<p>Niente fronzoli. C&#8217;\u00e8 tutto ci\u00f2 che conta. <\/p>\n\n\n\n<div class=\"wp-block-buttons is-layout-flex wp-block-buttons-is-layout-flex\">\n<div class=\"wp-block-button\"><a class=\"wp-block-button__link wp-element-button\" href=\"https:\/\/www.hotel-sanmarco.at\/it\/camere\/\">Assicurati la camera \u2013 adatto ai motociclisti &amp; semplice<\/a><\/div>\n<\/div>\n<\/div><figure class=\"wp-block-media-text__media\"><img loading=\"lazy\" decoding=\"async\" width=\"1024\" height=\"682\" src=\"https:\/\/www.hotel-sanmarco.at\/wp-content\/uploads\/2025\/11\/Hotel_San_Marco-Motorradhotel_du_und_dein_Motorrad_gut_aufgehoben-1024x682.jpeg\" alt=\"\" class=\"wp-image-175 size-full\" style=\"object-position:0% 93%\" srcset=\"https:\/\/www.hotel-sanmarco.at\/wp-content\/uploads\/2025\/11\/Hotel_San_Marco-Motorradhotel_du_und_dein_Motorrad_gut_aufgehoben-1024x682.jpeg 1024w, https:\/\/www.hotel-sanmarco.at\/wp-content\/uploads\/2025\/11\/Hotel_San_Marco-Motorradhotel_du_und_dein_Motorrad_gut_aufgehoben-300x200.jpeg 300w, https:\/\/www.hotel-sanmarco.at\/wp-content\/uploads\/2025\/11\/Hotel_San_Marco-Motorradhotel_du_und_dein_Motorrad_gut_aufgehoben-768x512.jpeg 768w, https:\/\/www.hotel-sanmarco.at\/wp-content\/uploads\/2025\/11\/Hotel_San_Marco-Motorradhotel_du_und_dein_Motorrad_gut_aufgehoben.jpeg 1280w\" sizes=\"auto, (max-width: 1024px) 100vw, 1024px\" \/><\/figure><\/div>\n\n<div class=\"wp-block-media-text is-stacked-on-mobile is-image-fill-element\" style=\"margin-top:var(--wp--preset--spacing--80);margin-bottom:var(--wp--preset--spacing--80)\"><figure class=\"wp-block-media-text__media\"><img loading=\"lazy\" decoding=\"async\" width=\"1024\" height=\"682\" src=\"https:\/\/www.hotel-sanmarco.at\/wp-content\/uploads\/2025\/11\/Hotel_San_Marco-Unterwegs_und_trotzdem_ankommen-1024x682.jpeg\" alt=\"\" class=\"wp-image-177 size-full\" style=\"object-position:50% 50%\" srcset=\"https:\/\/www.hotel-sanmarco.at\/wp-content\/uploads\/2025\/11\/Hotel_San_Marco-Unterwegs_und_trotzdem_ankommen-1024x682.jpeg 1024w, https:\/\/www.hotel-sanmarco.at\/wp-content\/uploads\/2025\/11\/Hotel_San_Marco-Unterwegs_und_trotzdem_ankommen-300x200.jpeg 300w, https:\/\/www.hotel-sanmarco.at\/wp-content\/uploads\/2025\/11\/Hotel_San_Marco-Unterwegs_und_trotzdem_ankommen-768x512.jpeg 768w, https:\/\/www.hotel-sanmarco.at\/wp-content\/uploads\/2025\/11\/Hotel_San_Marco-Unterwegs_und_trotzdem_ankommen.jpeg 1280w\" sizes=\"auto, (max-width: 1024px) 100vw, 1024px\" \/><\/figure><div class=\"wp-block-media-text__content\">\n<h2 class=\"wp-block-heading\">In viaggio \u2013 eppure a casa<\/h2>\n\n\n\n<p>Il casco \u00e8 sul letto. Gli stivali sono nell&#8217;angolo.<br\/>Niente stress da check-in, nessun obbligo. Solo tu, la tua moto e un luogo che ti capisce.  <\/p>\n\n\n\n<p>Dopo 200 chilometri di curve o un lungo viaggio di ritorno, non hai bisogno di tante parole.<\/p>\n\n\n\n<p>Vuoi una doccia calda, aria fresca e la sensazione di essere arrivato.<\/p>\n\n\n\n<p>Al San Marco ottieni proprio questo \u2013 amichevole, pratico e alla pari.<\/p>\n\n\n\n<div class=\"wp-block-buttons is-layout-flex wp-block-buttons-is-layout-flex\">\n<div class=\"wp-block-button\"><a class=\"wp-block-button__link wp-element-button\" href=\"https:\/\/www.hotel-sanmarco.at\/it\/richieste\/#\/\">Prenota ora la tua camera per motociclisti<\/a><\/div>\n<\/div>\n<\/div><\/div>\n\n<div class=\"align wp-block-acf-icon-grid is-layout-flow wp-block-acf-icon-grid-is-layout-flow\" id=\"block_640465100bb75fcf7ed342912f7a3a3e\">\n\n    <div class=\"icon-grid\">\n\n<h3 class=\"wp-block-heading is-style-h5\">Ci\u00f2 che \u00e8 importante per te \u2013 ci abbiamo pensato<\/h3>\n\n\n\n<p>Qui ottieni ci\u00f2 che conta.<br\/>Niente fronzoli inutili, ma tutto ci\u00f2 di cui hai veramente bisogno quando sei in viaggio con la moto.<br\/>A colpo d&#8217;occhio:<\/p>\n\n\n\n<div class=\"icon-item\">\n            <ul class=\"icon-list\">\n                            <li class=\"item-row\">\n                                            <span class=\"icon\">\n                            <img decoding=\"async\"\n                                    src=\"https:\/\/www.hotel-sanmarco.at\/wp-content\/uploads\/2025\/11\/Hotel_San_Marco-Haekchen_Icon.svg\"\n                                    alt=\"\"\n                            >\n                        <\/span>\n                                        <div class=\"text\">\n                        <p>Arrivo flessibile \u2013 possibile anche la sera<\/p>\n                    <\/div>\n                <\/li>\n                            <li class=\"item-row\">\n                                            <span class=\"icon\">\n                            <img decoding=\"async\"\n                                    src=\"https:\/\/www.hotel-sanmarco.at\/wp-content\/uploads\/2025\/11\/Hotel_San_Marco-Haekchen_Icon.svg\"\n                                    alt=\"\"\n                            >\n                        <\/span>\n                                        <div class=\"text\">\n                        <p>Consigli personali per tour nella regione<\/p>\n                    <\/div>\n                <\/li>\n                    <\/ul>\n    <\/div>\n\n\n\n<p><strong>In breve:<br\/><\/strong>Arrivi, parcheggi in sicurezza e sai: qui \u00e8 tutto perfetto \u2013 dalla moto alla colazione.<\/p>\n\n\n\n<div class=\"wp-block-buttons is-layout-flex wp-block-buttons-is-layout-flex\">\n<div class=\"wp-block-button\"><a class=\"wp-block-button__link wp-element-button\" href=\"https:\/\/www.hotel-sanmarco.at\/it\/camere\/\">Inizia il tour \u2013 Assicurati la camera<\/a><\/div>\n<\/div>\n\n<\/div>\n\n<\/div>\n\n<h2 class=\"wp-block-heading has-text-align-center\" style=\"margin-top:var(--wp--preset--spacing--80)\">Cosa dicono di noi altri biker<\/h2>\n\n<p class=\"has-text-align-center\">La fiducia nasce quando le parole corrispondono all&#8217;esperienza.<br\/>Per questo preferiamo lasciare la parola a chi \u00e8 gi\u00e0 stato qui.<\/p>\n\n<div class=\"align wp-block-acf-testimonial-slide is-layout-flow wp-block-acf-testimonial-slide-is-layout-flow\" id=\"block_a89ba65baf3495bc10a6cf3d8976b60e\">\n    <\/div>\n\n<p class=\"has-text-align-center\"><strong>All&#8217;Hotel San Marco sai cosa ottieni: onesta ospitalit\u00e0 e persone che sanno cosa conta.<\/strong><\/p>\n\n<div class=\"wp-block-buttons is-content-justification-center is-layout-flex wp-container-core-buttons-is-layout-16018d1d wp-block-buttons-is-layout-flex\">\n<div class=\"wp-block-button\"><a class=\"wp-block-button__link has-text-align-center wp-element-button\">Provalo tu stesso ora \u2013 Richiedi una camera per motociclisti<\/a><\/div>\n<\/div>\n\n<div class=\"wp-block-media-text has-media-on-the-right is-stacked-on-mobile is-image-fill-element\" style=\"margin-top:var(--wp--preset--spacing--80);margin-bottom:var(--wp--preset--spacing--80)\"><div class=\"wp-block-media-text__content\">\n<h2 class=\"wp-block-heading\">Hotel per motociclisti San Marco a Lannach<\/h2>\n\n\n\n<h3 class=\"wp-block-heading\">la tua sosta con stile e una buona colazione in Stiria<\/h3>\n\n\n\n<p><strong>A soli 15 minuti da Graz, nel cuore delle colline stiriane, si trova l&#8217;Hotel San Marco a Lannach \u2013 perfetto per tour giornalieri attraverso Schilcherland, la patria dei Lipizzani e le Strade del Vino.<\/strong><\/p>\n\n\n\n<p><strong>I tuoi vantaggi a colpo d&#8217;occhio:<\/strong><\/p>\n\n\n\n<ul class=\"wp-block-list\">\n<li>posizione centrale vicino alla A2 \/ A9<\/li>\n\n\n\n<li><strong>A circa 15 minuti in moto da Graz<\/strong><\/li>\n\n\n\n<li>descrizioni dei tour &amp; consigli sugli itinerari gratuiti<\/li>\n\n\n\n<li>Distributore di benzina direttamente nelle vicinanze<\/li>\n\n\n\n<li>Colazione dalle 6:30<\/li>\n<\/ul>\n\n\n\n<p><strong>Che sia una sosta o un punto di partenza \u2013 qui ogni tour inizia in relax con un&#8217;abbondante colazione a buffet.<\/strong><\/p>\n\n\n\n<div class=\"wp-block-buttons is-layout-flex wp-block-buttons-is-layout-flex\">\n<div class=\"wp-block-button\"><a class=\"wp-block-button__link wp-element-button\" href=\"https:\/\/www.hotel-sanmarco.at\/it\/camere\/\">Prenota ora la tua camera per motociclisti<\/a><\/div>\n<\/div>\n<\/div><figure class=\"wp-block-media-text__media\"><img loading=\"lazy\" decoding=\"async\" width=\"1024\" height=\"684\" src=\"https:\/\/www.hotel-sanmarco.at\/wp-content\/uploads\/2025\/11\/Hotel_San_Marco-Motorradhotel_in_Lannach-1024x684.jpeg\" alt=\"\" class=\"wp-image-178 size-full\" style=\"object-position:50% 50%\" srcset=\"https:\/\/www.hotel-sanmarco.at\/wp-content\/uploads\/2025\/11\/Hotel_San_Marco-Motorradhotel_in_Lannach-1024x684.jpeg 1024w, https:\/\/www.hotel-sanmarco.at\/wp-content\/uploads\/2025\/11\/Hotel_San_Marco-Motorradhotel_in_Lannach-300x200.jpeg 300w, https:\/\/www.hotel-sanmarco.at\/wp-content\/uploads\/2025\/11\/Hotel_San_Marco-Motorradhotel_in_Lannach-768x513.jpeg 768w, https:\/\/www.hotel-sanmarco.at\/wp-content\/uploads\/2025\/11\/Hotel_San_Marco-Motorradhotel_in_Lannach.jpeg 1280w\" sizes=\"auto, (max-width: 1024px) 100vw, 1024px\" \/><\/figure><\/div>\n","protected":false},"excerpt":{"rendered":"<p>Cosa dicono di noi altri biker La fiducia nasce quando le parole corrispondono all&#8217;esperienza.Per questo preferiamo lasciare la parola a chi \u00e8 gi\u00e0 stato qui. All&#8217;Hotel San Marco sai cosa ottieni: onesta ospitalit\u00e0 e persone che sanno cosa conta.<\/p>\n","protected":false},"author":1,"featured_media":395,"parent":0,"menu_order":0,"comment_status":"closed","ping_status":"closed","template":"","meta":{"_acf_changed":false,"footnotes":""},"class_list":["post-394","page","type-page","status-publish","has-post-thumbnail","hentry"],"acf":[],"yoast_head":"<!-- This site is optimized with the Yoast SEO plugin v27.2 - https:\/\/yoast.com\/product\/yoast-seo-wordpress\/ -->\n<title>Biker Hotel San Marco \u2013 parcheggia in sicurezza &amp; dormi bene<\/title>\n<meta name=\"description\" content=\"Arriva, parcheggia, sentiti a tuo agio: l&#039;Hotel per motociclisti San Marco a Lannach offre parcheggi sicuri, colazione anticipata &amp; consigli per i tuoi tour nei dintorni di Graz.\" \/>\n<meta name=\"robots\" content=\"index, follow, max-snippet:-1, max-image-preview:large, max-video-preview:-1\" \/>\n<link rel=\"canonical\" href=\"https:\/\/www.hotel-sanmarco.at\/it\/biker\/\" \/>\n<meta property=\"og:locale\" content=\"it_IT\" \/>\n<meta property=\"og:type\" content=\"article\" \/>\n<meta property=\"og:title\" content=\"Biker Hotel San Marco \u2013 parcheggia in sicurezza &amp; dormi bene\" \/>\n<meta property=\"og:description\" content=\"Arriva, parcheggia, sentiti a tuo agio: l&#039;Hotel per motociclisti San Marco a Lannach offre parcheggi sicuri, colazione anticipata &amp; consigli per i tuoi tour nei dintorni di Graz.\" \/>\n<meta property=\"og:url\" content=\"https:\/\/www.hotel-sanmarco.at\/it\/biker\/\" \/>\n<meta property=\"og:site_name\" content=\"Hotel San Marco\" \/>\n<meta property=\"article:modified_time\" content=\"2025-11-28T01:07:36+00:00\" \/>\n<meta property=\"og:image\" content=\"https:\/\/www.hotel-sanmarco.at\/wp-content\/uploads\/2025\/11\/Hotel_San_Marco-Motorradhotel_du_und_dein_Motorrad_gut_aufgehoben.jpeg\" \/>\n\t<meta property=\"og:image:width\" content=\"1280\" \/>\n\t<meta property=\"og:image:height\" content=\"853\" \/>\n\t<meta property=\"og:image:type\" content=\"image\/jpeg\" \/>\n<meta name=\"twitter:card\" content=\"summary_large_image\" \/>\n<meta name=\"twitter:label1\" content=\"Tempo di lettura stimato\" \/>\n\t<meta name=\"twitter:data1\" content=\"2 minuti\" \/>\n<script type=\"application\/ld+json\" class=\"yoast-schema-graph\">{\"@context\":\"https:\/\/schema.org\",\"@graph\":[{\"@type\":\"WebPage\",\"@id\":\"https:\/\/www.hotel-sanmarco.at\/it\/biker\/\",\"url\":\"https:\/\/www.hotel-sanmarco.at\/it\/biker\/\",\"name\":\"Biker Hotel San Marco \u2013 parcheggia in sicurezza & dormi bene\",\"isPartOf\":{\"@id\":\"https:\/\/www.hotel-sanmarco.at\/it\/#website\"},\"primaryImageOfPage\":{\"@id\":\"https:\/\/www.hotel-sanmarco.at\/it\/biker\/#primaryimage\"},\"image\":{\"@id\":\"https:\/\/www.hotel-sanmarco.at\/it\/biker\/#primaryimage\"},\"thumbnailUrl\":\"https:\/\/www.hotel-sanmarco.at\/wp-content\/uploads\/2025\/11\/Hotel_San_Marco-Motorradhotel_du_und_dein_Motorrad_gut_aufgehoben.jpeg\",\"datePublished\":\"2025-11-21T11:27:02+00:00\",\"dateModified\":\"2025-11-28T01:07:36+00:00\",\"description\":\"Arriva, parcheggia, sentiti a tuo agio: l'Hotel per motociclisti San Marco a Lannach offre parcheggi sicuri, colazione anticipata & consigli per i tuoi tour nei dintorni di Graz.\",\"breadcrumb\":{\"@id\":\"https:\/\/www.hotel-sanmarco.at\/it\/biker\/#breadcrumb\"},\"inLanguage\":\"it-IT\",\"potentialAction\":[{\"@type\":\"ReadAction\",\"target\":[\"https:\/\/www.hotel-sanmarco.at\/it\/biker\/\"]}]},{\"@type\":\"ImageObject\",\"inLanguage\":\"it-IT\",\"@id\":\"https:\/\/www.hotel-sanmarco.at\/it\/biker\/#primaryimage\",\"url\":\"https:\/\/www.hotel-sanmarco.at\/wp-content\/uploads\/2025\/11\/Hotel_San_Marco-Motorradhotel_du_und_dein_Motorrad_gut_aufgehoben.jpeg\",\"contentUrl\":\"https:\/\/www.hotel-sanmarco.at\/wp-content\/uploads\/2025\/11\/Hotel_San_Marco-Motorradhotel_du_und_dein_Motorrad_gut_aufgehoben.jpeg\",\"width\":1280,\"height\":853,\"caption\":\"Po\u017eega, Croazia - 25 maggio 2025: Logo moderno del marchio di motociclette Honda CMX 1100 Rebel e insegna testuale dell'azienda giapponese asiatica.\"},{\"@type\":\"BreadcrumbList\",\"@id\":\"https:\/\/www.hotel-sanmarco.at\/it\/biker\/#breadcrumb\",\"itemListElement\":[{\"@type\":\"ListItem\",\"position\":1,\"name\":\"Startseite\",\"item\":\"https:\/\/www.hotel-sanmarco.at\/it\/\"},{\"@type\":\"ListItem\",\"position\":2,\"name\":\"Biker\"}]},{\"@type\":\"WebSite\",\"@id\":\"https:\/\/www.hotel-sanmarco.at\/it\/#website\",\"url\":\"https:\/\/www.hotel-sanmarco.at\/it\/\",\"name\":\"Hotel San Marco\",\"description\":\"Ihr Hotel in Lannach in der N\u00e4he von Graz. Echt. Herzlich. Famili\u00e4r.\",\"publisher\":{\"@id\":\"https:\/\/www.hotel-sanmarco.at\/it\/#organization\"},\"potentialAction\":[{\"@type\":\"SearchAction\",\"target\":{\"@type\":\"EntryPoint\",\"urlTemplate\":\"https:\/\/www.hotel-sanmarco.at\/it\/?s={search_term_string}\"},\"query-input\":{\"@type\":\"PropertyValueSpecification\",\"valueRequired\":true,\"valueName\":\"search_term_string\"}}],\"inLanguage\":\"it-IT\"},{\"@type\":\"Organization\",\"@id\":\"https:\/\/www.hotel-sanmarco.at\/it\/#organization\",\"name\":\"Hotel San Marco\",\"url\":\"https:\/\/www.hotel-sanmarco.at\/it\/\",\"logo\":{\"@type\":\"ImageObject\",\"inLanguage\":\"it-IT\",\"@id\":\"https:\/\/www.hotel-sanmarco.at\/it\/#\/schema\/logo\/image\/\",\"url\":\"https:\/\/www.hotel-sanmarco.at\/wp-content\/uploads\/2025\/11\/cropped-Hotel_San_Marco-Logo_ohne_Schrift.png\",\"contentUrl\":\"https:\/\/www.hotel-sanmarco.at\/wp-content\/uploads\/2025\/11\/cropped-Hotel_San_Marco-Logo_ohne_Schrift.png\",\"width\":159,\"height\":96,\"caption\":\"Hotel San Marco\"},\"image\":{\"@id\":\"https:\/\/www.hotel-sanmarco.at\/it\/#\/schema\/logo\/image\/\"}}]}<\/script>\n<!-- \/ Yoast SEO plugin. -->","yoast_head_json":{"title":"Biker Hotel San Marco \u2013 parcheggia in sicurezza & dormi bene","description":"Arriva, parcheggia, sentiti a tuo agio: l'Hotel per motociclisti San Marco a Lannach offre parcheggi sicuri, colazione anticipata & consigli per i tuoi tour nei dintorni di Graz.","robots":{"index":"index","follow":"follow","max-snippet":"max-snippet:-1","max-image-preview":"max-image-preview:large","max-video-preview":"max-video-preview:-1"},"canonical":"https:\/\/www.hotel-sanmarco.at\/it\/biker\/","og_locale":"it_IT","og_type":"article","og_title":"Biker Hotel San Marco \u2013 parcheggia in sicurezza & dormi bene","og_description":"Arriva, parcheggia, sentiti a tuo agio: l'Hotel per motociclisti San Marco a Lannach offre parcheggi sicuri, colazione anticipata & consigli per i tuoi tour nei dintorni di Graz.","og_url":"https:\/\/www.hotel-sanmarco.at\/it\/biker\/","og_site_name":"Hotel San Marco","article_modified_time":"2025-11-28T01:07:36+00:00","og_image":[{"width":1280,"height":853,"url":"https:\/\/www.hotel-sanmarco.at\/wp-content\/uploads\/2025\/11\/Hotel_San_Marco-Motorradhotel_du_und_dein_Motorrad_gut_aufgehoben.jpeg","type":"image\/jpeg"}],"twitter_card":"summary_large_image","twitter_misc":{"Tempo di lettura stimato":"2 minuti"},"schema":{"@context":"https:\/\/schema.org","@graph":[{"@type":"WebPage","@id":"https:\/\/www.hotel-sanmarco.at\/it\/biker\/","url":"https:\/\/www.hotel-sanmarco.at\/it\/biker\/","name":"Biker Hotel San Marco \u2013 parcheggia in sicurezza & dormi bene","isPartOf":{"@id":"https:\/\/www.hotel-sanmarco.at\/it\/#website"},"primaryImageOfPage":{"@id":"https:\/\/www.hotel-sanmarco.at\/it\/biker\/#primaryimage"},"image":{"@id":"https:\/\/www.hotel-sanmarco.at\/it\/biker\/#primaryimage"},"thumbnailUrl":"https:\/\/www.hotel-sanmarco.at\/wp-content\/uploads\/2025\/11\/Hotel_San_Marco-Motorradhotel_du_und_dein_Motorrad_gut_aufgehoben.jpeg","datePublished":"2025-11-21T11:27:02+00:00","dateModified":"2025-11-28T01:07:36+00:00","description":"Arriva, parcheggia, sentiti a tuo agio: l'Hotel per motociclisti San Marco a Lannach offre parcheggi sicuri, colazione anticipata & consigli per i tuoi tour nei dintorni di Graz.","breadcrumb":{"@id":"https:\/\/www.hotel-sanmarco.at\/it\/biker\/#breadcrumb"},"inLanguage":"it-IT","potentialAction":[{"@type":"ReadAction","target":["https:\/\/www.hotel-sanmarco.at\/it\/biker\/"]}]},{"@type":"ImageObject","inLanguage":"it-IT","@id":"https:\/\/www.hotel-sanmarco.at\/it\/biker\/#primaryimage","url":"https:\/\/www.hotel-sanmarco.at\/wp-content\/uploads\/2025\/11\/Hotel_San_Marco-Motorradhotel_du_und_dein_Motorrad_gut_aufgehoben.jpeg","contentUrl":"https:\/\/www.hotel-sanmarco.at\/wp-content\/uploads\/2025\/11\/Hotel_San_Marco-Motorradhotel_du_und_dein_Motorrad_gut_aufgehoben.jpeg","width":1280,"height":853,"caption":"Po\u017eega, Croazia - 25 maggio 2025: Logo moderno del marchio di motociclette Honda CMX 1100 Rebel e insegna testuale dell'azienda giapponese asiatica."},{"@type":"BreadcrumbList","@id":"https:\/\/www.hotel-sanmarco.at\/it\/biker\/#breadcrumb","itemListElement":[{"@type":"ListItem","position":1,"name":"Startseite","item":"https:\/\/www.hotel-sanmarco.at\/it\/"},{"@type":"ListItem","position":2,"name":"Biker"}]},{"@type":"WebSite","@id":"https:\/\/www.hotel-sanmarco.at\/it\/#website","url":"https:\/\/www.hotel-sanmarco.at\/it\/","name":"Hotel San Marco","description":"Ihr Hotel in Lannach in der N\u00e4he von Graz. Echt. Herzlich. Famili\u00e4r.","publisher":{"@id":"https:\/\/www.hotel-sanmarco.at\/it\/#organization"},"potentialAction":[{"@type":"SearchAction","target":{"@type":"EntryPoint","urlTemplate":"https:\/\/www.hotel-sanmarco.at\/it\/?s={search_term_string}"},"query-input":{"@type":"PropertyValueSpecification","valueRequired":true,"valueName":"search_term_string"}}],"inLanguage":"it-IT"},{"@type":"Organization","@id":"https:\/\/www.hotel-sanmarco.at\/it\/#organization","name":"Hotel San Marco","url":"https:\/\/www.hotel-sanmarco.at\/it\/","logo":{"@type":"ImageObject","inLanguage":"it-IT","@id":"https:\/\/www.hotel-sanmarco.at\/it\/#\/schema\/logo\/image\/","url":"https:\/\/www.hotel-sanmarco.at\/wp-content\/uploads\/2025\/11\/cropped-Hotel_San_Marco-Logo_ohne_Schrift.png","contentUrl":"https:\/\/www.hotel-sanmarco.at\/wp-content\/uploads\/2025\/11\/cropped-Hotel_San_Marco-Logo_ohne_Schrift.png","width":159,"height":96,"caption":"Hotel San Marco"},"image":{"@id":"https:\/\/www.hotel-sanmarco.at\/it\/#\/schema\/logo\/image\/"}}]}},"_links":{"self":[{"href":"https:\/\/www.hotel-sanmarco.at\/it\/wp-json\/wp\/v2\/pages\/394","targetHints":{"allow":["GET"]}}],"collection":[{"href":"https:\/\/www.hotel-sanmarco.at\/it\/wp-json\/wp\/v2\/pages"}],"about":[{"href":"https:\/\/www.hotel-sanmarco.at\/it\/wp-json\/wp\/v2\/types\/page"}],"author":[{"embeddable":true,"href":"https:\/\/www.hotel-sanmarco.at\/it\/wp-json\/wp\/v2\/users\/1"}],"replies":[{"embeddable":true,"href":"https:\/\/www.hotel-sanmarco.at\/it\/wp-json\/wp\/v2\/comments?post=394"}],"version-history":[{"count":2,"href":"https:\/\/www.hotel-sanmarco.at\/it\/wp-json\/wp\/v2\/pages\/394\/revisions"}],"predecessor-version":[{"id":756,"href":"https:\/\/www.hotel-sanmarco.at\/it\/wp-json\/wp\/v2\/pages\/394\/revisions\/756"}],"wp:featuredmedia":[{"embeddable":true,"href":"https:\/\/www.hotel-sanmarco.at\/it\/wp-json\/wp\/v2\/media\/395"}],"wp:attachment":[{"href":"https:\/\/www.hotel-sanmarco.at\/it\/wp-json\/wp\/v2\/media?parent=394"}],"curies":[{"name":"wp","href":"https:\/\/api.w.org\/{rel}","templated":true}]}}