{"id":383,"date":"2025-11-20T12:33:43","date_gmt":"2025-11-20T12:33:43","guid":{"rendered":"https:\/\/www.hotel-sanmarco.at\/chi-siamo\/"},"modified":"2025-11-28T01:09:10","modified_gmt":"2025-11-28T01:09:10","slug":"chi-siamo","status":"publish","type":"page","link":"https:\/\/www.hotel-sanmarco.at\/it\/chi-siamo\/","title":{"rendered":"Chi siamo"},"content":{"rendered":"\n\n<div class=\"hero-small-wrapper alignfull align wp-block-acf-hero-small is-layout-flow wp-block-acf-hero-small-is-layout-flow\" id=\"block_5d8267045050dab8a09a33fd0fabd002\" >\n\n    <div class=\"hero-small-content\">\n\n<h1 class=\"wp-block-heading\">Hotel San Marco a Lannach vicino a Graz<\/h1>\n\n\n\n<h2 class=\"wp-block-heading\">autentico, genuino, familiare<\/h2>\n\n\n\n<p>Un luogo nella regione vinicola della Stiria dove i rapporti sinceri contano.<br\/>Dove gli ospiti non si limitano a pernottare, ma diventano parte della piccola famiglia San Marco \u2013 con fiducia, qualit\u00e0 della stretta di mano e la sensazione di appartenenza.<\/p>\n\n<\/div>\n\n<\/div>\n\n<div class=\"wp-block-media-text has-media-on-the-right is-stacked-on-mobile is-image-fill-element\" style=\"margin-top:var(--wp--preset--spacing--80);margin-bottom:var(--wp--preset--spacing--80)\"><div class=\"wp-block-media-text__content\">\n<h2 class=\"wp-block-heading\">Una casa con carattere<\/h2>\n\n\n\n<p>L&#8217;Hotel San Marco \u00e8 un luogo per tutti coloro che sono in viaggio \u2013 per lavoro, di passaggio o in moto \u2013 e che tuttavia apprezzano una bella sensazione.<\/p>\n\n\n\n<p>Da noi non si tratta solo di pernottare, ma della bella sensazione di essere i benvenuti.<\/p>\n\n\n\n<p><strong>Di vicinanza, che non si impone. Di fiducia, che si percepisce prima ancora di entrare in una stanza. \u00c8 proprio questo che ci contraddistingue.  <\/strong><\/p>\n\n\n\n<h3 class=\"wp-block-heading\" style=\"margin-top:var(--wp--preset--spacing--60);margin-bottom:var(--wp--preset--spacing--50)\">Perch\u00e9 facciamo quello che facciamo<\/h3>\n\n\n\n<p>A volte non si trova il lavoro \u2013 \u00e8 il lavoro che trova te.<br\/>Sono arrivata in hotel quasi per caso, ma \u00e8 stato subito chiaro: questa \u00e8 la mia passione.<\/p>\n\n\n\n<p>Non ho mai voluto semplicemente gestire un hotel.<br\/>Il mio obiettivo \u00e8 sempre stato quello di creare un luogo in cui le persone si sentano a proprio agio \u2013 non perch\u00e9 tutto sia perfettamente scintillante, ma perch\u00e9 \u00e8 detto con il cuore.<\/p>\n<\/div><figure class=\"wp-block-media-text__media\"><img loading=\"lazy\" decoding=\"async\" width=\"682\" height=\"1024\" src=\"https:\/\/www.hotel-sanmarco.at\/wp-content\/uploads\/2025\/11\/Hotel_San_Marco-Ein_Haus_mit_Haltung_Gastgeberinnen-682x1024.jpeg\" alt=\"\" class=\"wp-image-189 size-full\" style=\"object-position:53% 32%\" srcset=\"https:\/\/www.hotel-sanmarco.at\/wp-content\/uploads\/2025\/11\/Hotel_San_Marco-Ein_Haus_mit_Haltung_Gastgeberinnen-682x1024.jpeg 682w, https:\/\/www.hotel-sanmarco.at\/wp-content\/uploads\/2025\/11\/Hotel_San_Marco-Ein_Haus_mit_Haltung_Gastgeberinnen-200x300.jpeg 200w, https:\/\/www.hotel-sanmarco.at\/wp-content\/uploads\/2025\/11\/Hotel_San_Marco-Ein_Haus_mit_Haltung_Gastgeberinnen-768x1152.jpeg 768w, https:\/\/www.hotel-sanmarco.at\/wp-content\/uploads\/2025\/11\/Hotel_San_Marco-Ein_Haus_mit_Haltung_Gastgeberinnen.jpeg 853w\" sizes=\"auto, (max-width: 682px) 100vw, 682px\" \/><\/figure><\/div>\n\n<figure class=\"wp-block-pullquote\"><blockquote><p>Per me conta l&#8217;autenticit\u00e0 \u2013 la breve conversazione, un sorriso sincero e la sensazione di essere i benvenuti.<br\/>Insieme a un piccolo team dedicato, viviamo cordialit\u00e0, affidabilit\u00e0 e quel piccolo pezzo di casa che si percepisce non appena si arriva.<br\/>La sostenibilit\u00e0 \u00e8 per noi una cosa ovvia \u2013 attenzione nel trattare le persone, le risorse e ci\u00f2 che rimane.<br\/>La nostra casa \u00e8 sinonimo di calore anzich\u00e9 lusso e di ospitalit\u00e0 che si sente.<br\/>E quando gli ospiti al momento della partenza dicono:<br\/><em><strong>\u201eTorner\u00f2 \u2013 semplicemente perch\u00e9 sono stato bene qui\u201c<\/strong><\/em><br\/>allora sappiamo di aver fatto tutto bene.<br\/><strong>Perch\u00e9 gli ospiti diventano amici.<\/strong><\/p><cite>Astrid Schaffler &#8211; Oste all&#8217;Hotel San Marco<\/cite><\/blockquote><\/figure>\n\n<div class=\"wp-block-media-text is-stacked-on-mobile is-image-fill-element\" style=\"margin-top:var(--wp--preset--spacing--80);margin-bottom:var(--wp--preset--spacing--80)\"><figure class=\"wp-block-media-text__media\"><img loading=\"lazy\" decoding=\"async\" width=\"682\" height=\"1024\" src=\"https:\/\/www.hotel-sanmarco.at\/wp-content\/uploads\/2025\/11\/Hotel_San_Marco-Gastgeberinnen_Astrid_Schaffler_mit_Tocher-682x1024.jpeg\" alt=\"\" class=\"wp-image-191 size-full\" style=\"object-position:50% 50%\" srcset=\"https:\/\/www.hotel-sanmarco.at\/wp-content\/uploads\/2025\/11\/Hotel_San_Marco-Gastgeberinnen_Astrid_Schaffler_mit_Tocher-682x1024.jpeg 682w, https:\/\/www.hotel-sanmarco.at\/wp-content\/uploads\/2025\/11\/Hotel_San_Marco-Gastgeberinnen_Astrid_Schaffler_mit_Tocher-200x300.jpeg 200w, https:\/\/www.hotel-sanmarco.at\/wp-content\/uploads\/2025\/11\/Hotel_San_Marco-Gastgeberinnen_Astrid_Schaffler_mit_Tocher-768x1152.jpeg 768w, https:\/\/www.hotel-sanmarco.at\/wp-content\/uploads\/2025\/11\/Hotel_San_Marco-Gastgeberinnen_Astrid_Schaffler_mit_Tocher.jpeg 853w\" sizes=\"auto, (max-width: 682px) 100vw, 682px\" \/><\/figure><div class=\"wp-block-media-text__content\">\n<h2 class=\"wp-block-heading\">Il cuore della casa \u2013 l&#8217;oste Astrid Schaffler con sua figlia<\/h2>\n\n\n\n<p>Astrid Schaffler gestisce il San Marco con cuore, affidabilit\u00e0 e fiuto per le persone.<br\/>\u00c8 un&#8217;oste per convinzione \u2013 attenta, genuina e sempre vicina ai suoi ospiti.<\/p>\n\n\n\n<p>Sua figlia porta una ventata di novit\u00e0 in casa e, come sua madre, rappresenta ci\u00f2 che rende speciale il San Marco: <strong>calore, fiducia e un sincero benvenuto.<\/strong><\/p>\n\n\n\n<p><em>\u201e<strong>Un ospite una volta ha detto: viaggio molto per lavoro, ma qui mi sento quasi come a casa. Questo per me \u00e8 il complimento pi\u00f9 bello.\u201c<\/strong><\/em><\/p>\n\n\n\n<p>Tali incontri significano pi\u00f9 di qualsiasi recensione, afferma l&#8217;oste Astrid.<br\/>Perch\u00e9 al San Marco non si tratta di numeri, ma di persone che sono in viaggio \u2013 e che qui arrivano.<\/p>\n\n\n\n<p><em>Sono felice per tutti coloro che si portano via questo momento \u2013 e magari ne conservano un pezzetto.<\/em><\/p>\n\n\n\n<p><strong><em>Astrid Schaffler<\/em><\/strong><em><br\/>Amministratrice Hotel San Marco, Lannach<\/em><\/p>\n<\/div><\/div>\n\n<blockquote class=\"wp-block-quote is-layout-flow wp-block-quote-is-layout-flow\">\n<p><strong>Qui nella Stiria occidentale, alle porte della regione vinicola dello Schilcher, non lontano da Graz e dalla regione dei Lipizzani, vogliamo dimostrare:<br\/>l&#8217;ospitalit\u00e0 non \u00e8 un concetto, ma la nostra passione \u2013 e quindi il nostro atteggiamento. Ed \u00e8 proprio questo che viviamo qui ogni giorno<\/strong>.<\/p>\n<\/blockquote>\n\n<h2 class=\"wp-block-heading\" style=\"margin-top:var(--wp--preset--spacing--80)\">Il nostro team \u2013 affiatato, cordiale, autentico<\/h2>\n\n<p>Da noi conta l&#8217;interazione \u2013 tutti sanno cosa \u00e8 importante.<\/p>\n\n<p>Che sia alla reception, a colazione o nelle pulizie \u2013 tutti nel team contribuiscono a far s\u00ec che tutto fili liscio.<\/p>\n\n<p>Crediamo che un servizio autentico non abbia nulla a che fare con la routine, ma con la gioia per le persone.<\/p>\n\n<ul class=\"wp-block-list\">\n<li>Check-in rapido anche la sera<\/li>\n\n\n\n<li>Colazione dalle 6:30 per i mattinieri<\/li>\n\n\n\n<li>Camere pulite su cui poter contare<\/li>\n<\/ul>\n\n<p><strong>Perch\u00e9 a volte non serve molto \u2013 se non persone a cui piace il proprio lavoro.<\/strong><\/p>\n\n<div class=\"wp-block-media-text has-media-on-the-right is-stacked-on-mobile is-image-fill-element\" style=\"margin-top:var(--wp--preset--spacing--80);margin-bottom:var(--wp--preset--spacing--80)\"><div class=\"wp-block-media-text__content\">\n<h2 class=\"wp-block-heading\">Perch\u00e9 al San Marco gli ospiti diventano amici<\/h2>\n\n\n\n<p>Ci\u00f2 che conta per noi non \u00e8 la prenotazione veloce, ma il rapporto duraturo.<\/p>\n\n\n\n<p>Molti dicono: <em>\u201eDa voi ci si sente come tra amici \u2013 solo con un caff\u00e8 migliore.\u201c<\/em> Non \u00e8 un caso, ma la nostra filosofia.<\/p>\n\n\n\n<h3 class=\"wp-block-heading\" style=\"margin-top:var(--wp--preset--spacing--50)\">Ecco come potete vivere l&#8217;Hotel San Marco a Lannach<\/h3>\n\n\n\n<p>Che siate ancora alla ricerca di orientamento o che siate gi\u00e0 sicuri:<br\/><br\/><\/p>\n\n\n\n<div class=\"wp-block-buttons is-layout-flex wp-block-buttons-is-layout-flex\">\n<div class=\"wp-block-button\"><a class=\"wp-block-button__link wp-element-button\" href=\"https:\/\/www.hotel-sanmarco.at\/it\/camere\/\">Scoprite le nostre camere<\/a><\/div>\n\n\n\n<div class=\"wp-block-button\"><a class=\"wp-block-button__link wp-element-button\" href=\"https:\/\/www.hotel-sanmarco.at\/it\/richieste\/#\/\">Prenota direttamente &#8211; non vediamo l&#8217;ora di vederti -&gt;<\/a><\/div>\n<\/div>\n<\/div><figure class=\"wp-block-media-text__media\"><img loading=\"lazy\" decoding=\"async\" width=\"1024\" height=\"684\" src=\"https:\/\/www.hotel-sanmarco.at\/wp-content\/uploads\/2025\/11\/Hotel_San_Marco-Motorradhotel_in_Lannach-1024x684.jpeg\" alt=\"\" class=\"wp-image-178 size-full\" style=\"object-position:55% 42%\" srcset=\"https:\/\/www.hotel-sanmarco.at\/wp-content\/uploads\/2025\/11\/Hotel_San_Marco-Motorradhotel_in_Lannach-1024x684.jpeg 1024w, https:\/\/www.hotel-sanmarco.at\/wp-content\/uploads\/2025\/11\/Hotel_San_Marco-Motorradhotel_in_Lannach-300x200.jpeg 300w, https:\/\/www.hotel-sanmarco.at\/wp-content\/uploads\/2025\/11\/Hotel_San_Marco-Motorradhotel_in_Lannach-768x513.jpeg 768w, https:\/\/www.hotel-sanmarco.at\/wp-content\/uploads\/2025\/11\/Hotel_San_Marco-Motorradhotel_in_Lannach.jpeg 1280w\" sizes=\"auto, (max-width: 1024px) 100vw, 1024px\" \/><\/figure><\/div>\n","protected":false},"excerpt":{"rendered":"<p>Una casa con carattere L&#8217;Hotel San Marco \u00e8 un luogo per tutti coloro che sono in viaggio \u2013 per lavoro, di passaggio o in moto \u2013 e che tuttavia apprezzano una bella sensazione. Da noi non si tratta solo di pernottare, ma della bella sensazione di essere i benvenuti. Di vicinanza, che non si impone. [&hellip;]<\/p>\n","protected":false},"author":1,"featured_media":385,"parent":0,"menu_order":0,"comment_status":"closed","ping_status":"closed","template":"","meta":{"_acf_changed":false,"footnotes":""},"class_list":["post-383","page","type-page","status-publish","has-post-thumbnail","hentry"],"acf":[],"yoast_head":"<!-- This site is optimized with the Yoast SEO plugin v27.2 - https:\/\/yoast.com\/product\/yoast-seo-wordpress\/ -->\n<title>Hotel San Marco Lannach \u2013 cordiale, genuino, autentico<\/title>\n<meta name=\"description\" content=\"Hotel familiare vicino a Graz: autentico, cordiale, genuino. L&#039;oste Astrid Schaffler e il suo team vi riservano un caloroso benvenuto nella regione vinicola della Stiria.\" \/>\n<meta name=\"robots\" content=\"index, follow, max-snippet:-1, max-image-preview:large, max-video-preview:-1\" \/>\n<link rel=\"canonical\" href=\"https:\/\/www.hotel-sanmarco.at\/it\/chi-siamo\/\" \/>\n<meta property=\"og:locale\" content=\"it_IT\" \/>\n<meta property=\"og:type\" content=\"article\" \/>\n<meta property=\"og:title\" content=\"Hotel San Marco Lannach \u2013 cordiale, genuino, autentico\" \/>\n<meta property=\"og:description\" content=\"Hotel familiare vicino a Graz: autentico, cordiale, genuino. L&#039;oste Astrid Schaffler e il suo team vi riservano un caloroso benvenuto nella regione vinicola della Stiria.\" \/>\n<meta property=\"og:url\" content=\"https:\/\/www.hotel-sanmarco.at\/it\/chi-siamo\/\" \/>\n<meta property=\"og:site_name\" content=\"Hotel San Marco\" \/>\n<meta property=\"article:modified_time\" content=\"2025-11-28T01:09:10+00:00\" \/>\n<meta property=\"og:image\" content=\"https:\/\/www.hotel-sanmarco.at\/wp-content\/uploads\/2025\/11\/Hotel_San_Marco-Gastgeberinnen_Astrid_Schaffler_mit_Tocher.jpeg\" \/>\n\t<meta property=\"og:image:width\" content=\"853\" \/>\n\t<meta property=\"og:image:height\" content=\"1280\" \/>\n\t<meta property=\"og:image:type\" content=\"image\/jpeg\" \/>\n<meta name=\"twitter:card\" content=\"summary_large_image\" \/>\n<meta name=\"twitter:label1\" content=\"Tempo di lettura stimato\" \/>\n\t<meta name=\"twitter:data1\" content=\"3 minuti\" \/>\n<script type=\"application\/ld+json\" class=\"yoast-schema-graph\">{\"@context\":\"https:\/\/schema.org\",\"@graph\":[{\"@type\":\"WebPage\",\"@id\":\"https:\/\/www.hotel-sanmarco.at\/it\/chi-siamo\/\",\"url\":\"https:\/\/www.hotel-sanmarco.at\/it\/chi-siamo\/\",\"name\":\"Hotel San Marco Lannach \u2013 cordiale, genuino, autentico\",\"isPartOf\":{\"@id\":\"https:\/\/www.hotel-sanmarco.at\/it\/#website\"},\"primaryImageOfPage\":{\"@id\":\"https:\/\/www.hotel-sanmarco.at\/it\/chi-siamo\/#primaryimage\"},\"image\":{\"@id\":\"https:\/\/www.hotel-sanmarco.at\/it\/chi-siamo\/#primaryimage\"},\"thumbnailUrl\":\"https:\/\/www.hotel-sanmarco.at\/wp-content\/uploads\/2025\/11\/Hotel_San_Marco-Gastgeberinnen_Astrid_Schaffler_mit_Tocher.jpeg\",\"datePublished\":\"2025-11-20T12:33:43+00:00\",\"dateModified\":\"2025-11-28T01:09:10+00:00\",\"description\":\"Hotel familiare vicino a Graz: autentico, cordiale, genuino. L'oste Astrid Schaffler e il suo team vi riservano un caloroso benvenuto nella regione vinicola della Stiria.\",\"breadcrumb\":{\"@id\":\"https:\/\/www.hotel-sanmarco.at\/it\/chi-siamo\/#breadcrumb\"},\"inLanguage\":\"it-IT\",\"potentialAction\":[{\"@type\":\"ReadAction\",\"target\":[\"https:\/\/www.hotel-sanmarco.at\/it\/chi-siamo\/\"]}]},{\"@type\":\"ImageObject\",\"inLanguage\":\"it-IT\",\"@id\":\"https:\/\/www.hotel-sanmarco.at\/it\/chi-siamo\/#primaryimage\",\"url\":\"https:\/\/www.hotel-sanmarco.at\/wp-content\/uploads\/2025\/11\/Hotel_San_Marco-Gastgeberinnen_Astrid_Schaffler_mit_Tocher.jpeg\",\"contentUrl\":\"https:\/\/www.hotel-sanmarco.at\/wp-content\/uploads\/2025\/11\/Hotel_San_Marco-Gastgeberinnen_Astrid_Schaffler_mit_Tocher.jpeg\",\"width\":853,\"height\":1280},{\"@type\":\"BreadcrumbList\",\"@id\":\"https:\/\/www.hotel-sanmarco.at\/it\/chi-siamo\/#breadcrumb\",\"itemListElement\":[{\"@type\":\"ListItem\",\"position\":1,\"name\":\"Startseite\",\"item\":\"https:\/\/www.hotel-sanmarco.at\/it\/\"},{\"@type\":\"ListItem\",\"position\":2,\"name\":\"Chi siamo\"}]},{\"@type\":\"WebSite\",\"@id\":\"https:\/\/www.hotel-sanmarco.at\/it\/#website\",\"url\":\"https:\/\/www.hotel-sanmarco.at\/it\/\",\"name\":\"Hotel San Marco\",\"description\":\"Ihr Hotel in Lannach in der N\u00e4he von Graz. Echt. Herzlich. Famili\u00e4r.\",\"publisher\":{\"@id\":\"https:\/\/www.hotel-sanmarco.at\/it\/#organization\"},\"potentialAction\":[{\"@type\":\"SearchAction\",\"target\":{\"@type\":\"EntryPoint\",\"urlTemplate\":\"https:\/\/www.hotel-sanmarco.at\/it\/?s={search_term_string}\"},\"query-input\":{\"@type\":\"PropertyValueSpecification\",\"valueRequired\":true,\"valueName\":\"search_term_string\"}}],\"inLanguage\":\"it-IT\"},{\"@type\":\"Organization\",\"@id\":\"https:\/\/www.hotel-sanmarco.at\/it\/#organization\",\"name\":\"Hotel San Marco\",\"url\":\"https:\/\/www.hotel-sanmarco.at\/it\/\",\"logo\":{\"@type\":\"ImageObject\",\"inLanguage\":\"it-IT\",\"@id\":\"https:\/\/www.hotel-sanmarco.at\/it\/#\/schema\/logo\/image\/\",\"url\":\"https:\/\/www.hotel-sanmarco.at\/wp-content\/uploads\/2025\/11\/cropped-Hotel_San_Marco-Logo_ohne_Schrift.png\",\"contentUrl\":\"https:\/\/www.hotel-sanmarco.at\/wp-content\/uploads\/2025\/11\/cropped-Hotel_San_Marco-Logo_ohne_Schrift.png\",\"width\":159,\"height\":96,\"caption\":\"Hotel San Marco\"},\"image\":{\"@id\":\"https:\/\/www.hotel-sanmarco.at\/it\/#\/schema\/logo\/image\/\"}}]}<\/script>\n<!-- \/ Yoast SEO plugin. -->","yoast_head_json":{"title":"Hotel San Marco Lannach \u2013 cordiale, genuino, autentico","description":"Hotel familiare vicino a Graz: autentico, cordiale, genuino. L'oste Astrid Schaffler e il suo team vi riservano un caloroso benvenuto nella regione vinicola della Stiria.","robots":{"index":"index","follow":"follow","max-snippet":"max-snippet:-1","max-image-preview":"max-image-preview:large","max-video-preview":"max-video-preview:-1"},"canonical":"https:\/\/www.hotel-sanmarco.at\/it\/chi-siamo\/","og_locale":"it_IT","og_type":"article","og_title":"Hotel San Marco Lannach \u2013 cordiale, genuino, autentico","og_description":"Hotel familiare vicino a Graz: autentico, cordiale, genuino. L'oste Astrid Schaffler e il suo team vi riservano un caloroso benvenuto nella regione vinicola della Stiria.","og_url":"https:\/\/www.hotel-sanmarco.at\/it\/chi-siamo\/","og_site_name":"Hotel San Marco","article_modified_time":"2025-11-28T01:09:10+00:00","og_image":[{"width":853,"height":1280,"url":"https:\/\/www.hotel-sanmarco.at\/wp-content\/uploads\/2025\/11\/Hotel_San_Marco-Gastgeberinnen_Astrid_Schaffler_mit_Tocher.jpeg","type":"image\/jpeg"}],"twitter_card":"summary_large_image","twitter_misc":{"Tempo di lettura stimato":"3 minuti"},"schema":{"@context":"https:\/\/schema.org","@graph":[{"@type":"WebPage","@id":"https:\/\/www.hotel-sanmarco.at\/it\/chi-siamo\/","url":"https:\/\/www.hotel-sanmarco.at\/it\/chi-siamo\/","name":"Hotel San Marco Lannach \u2013 cordiale, genuino, autentico","isPartOf":{"@id":"https:\/\/www.hotel-sanmarco.at\/it\/#website"},"primaryImageOfPage":{"@id":"https:\/\/www.hotel-sanmarco.at\/it\/chi-siamo\/#primaryimage"},"image":{"@id":"https:\/\/www.hotel-sanmarco.at\/it\/chi-siamo\/#primaryimage"},"thumbnailUrl":"https:\/\/www.hotel-sanmarco.at\/wp-content\/uploads\/2025\/11\/Hotel_San_Marco-Gastgeberinnen_Astrid_Schaffler_mit_Tocher.jpeg","datePublished":"2025-11-20T12:33:43+00:00","dateModified":"2025-11-28T01:09:10+00:00","description":"Hotel familiare vicino a Graz: autentico, cordiale, genuino. L'oste Astrid Schaffler e il suo team vi riservano un caloroso benvenuto nella regione vinicola della Stiria.","breadcrumb":{"@id":"https:\/\/www.hotel-sanmarco.at\/it\/chi-siamo\/#breadcrumb"},"inLanguage":"it-IT","potentialAction":[{"@type":"ReadAction","target":["https:\/\/www.hotel-sanmarco.at\/it\/chi-siamo\/"]}]},{"@type":"ImageObject","inLanguage":"it-IT","@id":"https:\/\/www.hotel-sanmarco.at\/it\/chi-siamo\/#primaryimage","url":"https:\/\/www.hotel-sanmarco.at\/wp-content\/uploads\/2025\/11\/Hotel_San_Marco-Gastgeberinnen_Astrid_Schaffler_mit_Tocher.jpeg","contentUrl":"https:\/\/www.hotel-sanmarco.at\/wp-content\/uploads\/2025\/11\/Hotel_San_Marco-Gastgeberinnen_Astrid_Schaffler_mit_Tocher.jpeg","width":853,"height":1280},{"@type":"BreadcrumbList","@id":"https:\/\/www.hotel-sanmarco.at\/it\/chi-siamo\/#breadcrumb","itemListElement":[{"@type":"ListItem","position":1,"name":"Startseite","item":"https:\/\/www.hotel-sanmarco.at\/it\/"},{"@type":"ListItem","position":2,"name":"Chi siamo"}]},{"@type":"WebSite","@id":"https:\/\/www.hotel-sanmarco.at\/it\/#website","url":"https:\/\/www.hotel-sanmarco.at\/it\/","name":"Hotel San Marco","description":"Ihr Hotel in Lannach in der N\u00e4he von Graz. Echt. Herzlich. Famili\u00e4r.","publisher":{"@id":"https:\/\/www.hotel-sanmarco.at\/it\/#organization"},"potentialAction":[{"@type":"SearchAction","target":{"@type":"EntryPoint","urlTemplate":"https:\/\/www.hotel-sanmarco.at\/it\/?s={search_term_string}"},"query-input":{"@type":"PropertyValueSpecification","valueRequired":true,"valueName":"search_term_string"}}],"inLanguage":"it-IT"},{"@type":"Organization","@id":"https:\/\/www.hotel-sanmarco.at\/it\/#organization","name":"Hotel San Marco","url":"https:\/\/www.hotel-sanmarco.at\/it\/","logo":{"@type":"ImageObject","inLanguage":"it-IT","@id":"https:\/\/www.hotel-sanmarco.at\/it\/#\/schema\/logo\/image\/","url":"https:\/\/www.hotel-sanmarco.at\/wp-content\/uploads\/2025\/11\/cropped-Hotel_San_Marco-Logo_ohne_Schrift.png","contentUrl":"https:\/\/www.hotel-sanmarco.at\/wp-content\/uploads\/2025\/11\/cropped-Hotel_San_Marco-Logo_ohne_Schrift.png","width":159,"height":96,"caption":"Hotel San Marco"},"image":{"@id":"https:\/\/www.hotel-sanmarco.at\/it\/#\/schema\/logo\/image\/"}}]}},"_links":{"self":[{"href":"https:\/\/www.hotel-sanmarco.at\/it\/wp-json\/wp\/v2\/pages\/383","targetHints":{"allow":["GET"]}}],"collection":[{"href":"https:\/\/www.hotel-sanmarco.at\/it\/wp-json\/wp\/v2\/pages"}],"about":[{"href":"https:\/\/www.hotel-sanmarco.at\/it\/wp-json\/wp\/v2\/types\/page"}],"author":[{"embeddable":true,"href":"https:\/\/www.hotel-sanmarco.at\/it\/wp-json\/wp\/v2\/users\/1"}],"replies":[{"embeddable":true,"href":"https:\/\/www.hotel-sanmarco.at\/it\/wp-json\/wp\/v2\/comments?post=383"}],"version-history":[{"count":2,"href":"https:\/\/www.hotel-sanmarco.at\/it\/wp-json\/wp\/v2\/pages\/383\/revisions"}],"predecessor-version":[{"id":760,"href":"https:\/\/www.hotel-sanmarco.at\/it\/wp-json\/wp\/v2\/pages\/383\/revisions\/760"}],"wp:featuredmedia":[{"embeddable":true,"href":"https:\/\/www.hotel-sanmarco.at\/it\/wp-json\/wp\/v2\/media\/385"}],"wp:attachment":[{"href":"https:\/\/www.hotel-sanmarco.at\/it\/wp-json\/wp\/v2\/media?parent=383"}],"curies":[{"name":"wp","href":"https:\/\/api.w.org\/{rel}","templated":true}]}}