{"id":375,"date":"2025-11-24T13:22:34","date_gmt":"2025-11-24T13:22:34","guid":{"rendered":"https:\/\/www.hotel-sanmarco.at\/colazione\/"},"modified":"2025-11-28T15:10:09","modified_gmt":"2025-11-28T15:10:09","slug":"colazione","status":"publish","type":"page","link":"https:\/\/www.hotel-sanmarco.at\/it\/colazione\/","title":{"rendered":"Colazione"},"content":{"rendered":"\n\n<div class=\"hero-small-wrapper alignfull align wp-block-acf-hero-small is-layout-flow wp-block-acf-hero-small-is-layout-flow\" id=\"block_4c931bd6adf4beb81c7c30855ad9c913\" >\n\n    <div class=\"hero-small-content\">\n\n<h1 class=\"wp-block-heading\">Colazione all&#8217;Hotel San Marco a Lannach<\/h1>\n\n\n\n<h2 class=\"wp-block-heading\">aperta a tutti coloro che desiderano iniziare la giornata bene e con prodotti regionali<\/h2>\n\n\n\n<p>Una ricca colazione a buffet per gli ospiti della regione e i viaggiatori che amano l&#8217;autenticit\u00e0 e un&#8217;atmosfera sincera.<br\/>Iniziate la giornata in relax \u2013 con specialit\u00e0 fatte in casa, ingredienti regionali e un caff\u00e8 che delizia.<br\/>Con cordialit\u00e0. Fatto in casa. Puro piacere.<\/p>\n\n<\/div>\n\n<\/div>\n\n<div class=\"wp-block-media-text has-media-on-the-right is-stacked-on-mobile is-image-fill-element\" style=\"margin-top:var(--wp--preset--spacing--80);margin-bottom:var(--wp--preset--spacing--80)\"><div class=\"wp-block-media-text__content\">\n<h2 class=\"wp-block-heading\">Colazione che conquista \u2013 per gli ospiti dell&#8217;hotel e i buongustai della regione<\/h2>\n\n\n\n<p><strong>\u201cAmo il momento in cui il primo caff\u00e8 profuma \u2013 e so: Oggi non devo fare nulla. Solo godermi il momento.\u201d<\/strong><\/p>\n\n\n\n<p>Questo pensiero accompagna molti dei nostri ospiti che hanno fatto della colazione al San Marco il loro piccolo rituale preferito.<\/p>\n\n\n\n<p>Che sia un momento di relax mattutino, un incontro con le amiche o un inizio gustoso del weekend \u2013 da noi fanno colazione tutti, non solo gli ospiti dell&#8217;hotel.<\/p>\n\n\n\n<p>Iniziate la giornata come tra buoni amici \u2013 con specialit\u00e0 fatte in casa, prodotti da forno freschi e un caff\u00e8 che sa di casa.<\/p>\n\n\n\n<div class=\"wp-block-buttons is-layout-flex wp-block-buttons-is-layout-flex\">\n<div class=\"wp-block-button\"><a class=\"wp-block-button__link wp-element-button\"><strong>O<\/strong>ra prenota &amp; gusta<\/a><\/div>\n<\/div>\n<\/div><figure class=\"wp-block-media-text__media\"><img loading=\"lazy\" decoding=\"async\" width=\"1024\" height=\"682\" src=\"https:\/\/www.hotel-sanmarco.at\/wp-content\/uploads\/2025\/11\/Hotel_San_Marco-Fruehstueckszimmer-1024x682.jpeg\" alt=\"\" class=\"wp-image-209 size-full\" style=\"object-position:50% 50%\" srcset=\"https:\/\/www.hotel-sanmarco.at\/wp-content\/uploads\/2025\/11\/Hotel_San_Marco-Fruehstueckszimmer-1024x682.jpeg 1024w, https:\/\/www.hotel-sanmarco.at\/wp-content\/uploads\/2025\/11\/Hotel_San_Marco-Fruehstueckszimmer-300x200.jpeg 300w, https:\/\/www.hotel-sanmarco.at\/wp-content\/uploads\/2025\/11\/Hotel_San_Marco-Fruehstueckszimmer-768x512.jpeg 768w, https:\/\/www.hotel-sanmarco.at\/wp-content\/uploads\/2025\/11\/Hotel_San_Marco-Fruehstueckszimmer.jpeg 1280w\" sizes=\"auto, (max-width: 1024px) 100vw, 1024px\" \/><\/figure><\/div>\n\n<div class=\"align wp-block-acf-icon-grid is-layout-flow wp-block-acf-icon-grid-is-layout-flow\" id=\"block_c68c1a17108ab58b1a620e1fdd29c9d8\">\n\n    <div class=\"icon-grid\">\n\n<h2 class=\"wp-block-heading is-style-h5\">I vantaggi della vostra colazione all&#8217;Hotel San Marco a colpo d&#8217;occhio<\/h2>\n\n\n\n<p>La nostra colazione \u00e8 pi\u00f9 di un semplice pasto. \u00c8 un momento per lasciarsi andare.<br\/>Per tutti coloro che desiderano iniziare la giornata senza fretta, ma con piacere \u2013 anche senza pernottamento in hotel.<br\/><strong>Ci\u00f2 che i nostri ospiti apprezzano particolarmente \u2013 Qualit\u00e0, scelta e cordialit\u00e0 tangibile:<\/strong><\/p>\n\n\n\n<div class=\"icon-item\">\n            <ul class=\"icon-list\">\n                            <li class=\"item-row\">\n                                            <span class=\"icon\">\n                            <img decoding=\"async\"\n                                    src=\"https:\/\/www.hotel-sanmarco.at\/wp-content\/uploads\/2025\/11\/Hotel_San_Marco-Haekchen_Icon.svg\"\n                                    alt=\"\"\n                            >\n                        <\/span>\n                                        <div class=\"text\">\n                        <p><strong>Colazione tutti i giorni dalle 6:30 alle 10:00<\/strong><\/p>\n                    <\/div>\n                <\/li>\n                            <li class=\"item-row\">\n                                            <span class=\"icon\">\n                            <img decoding=\"async\"\n                                    src=\"https:\/\/www.hotel-sanmarco.at\/wp-content\/uploads\/2025\/11\/Hotel_San_Marco-Haekchen_Icon.svg\"\n                                    alt=\"\"\n                            >\n                        <\/span>\n                                        <div class=\"text\">\n                        <p><strong>Ampia scelta<\/strong> per tutti i gusti<\/p>\n                    <\/div>\n                <\/li>\n                            <li class=\"item-row\">\n                                            <span class=\"icon\">\n                            <img decoding=\"async\"\n                                    src=\"https:\/\/www.hotel-sanmarco.at\/wp-content\/uploads\/2025\/11\/Hotel_San_Marco-Haekchen_Icon.svg\"\n                                    alt=\"\"\n                            >\n                        <\/span>\n                                        <div class=\"text\">\n                        <p>Marmellate <strong>fatte in casa<\/strong>, spalmabili freschi e piatti a base di uova<\/p>\n                    <\/div>\n                <\/li>\n                            <li class=\"item-row\">\n                                            <span class=\"icon\">\n                            <img decoding=\"async\"\n                                    src=\"https:\/\/www.hotel-sanmarco.at\/wp-content\/uploads\/2025\/11\/Hotel_San_Marco-Haekchen_Icon.svg\"\n                                    alt=\"\"\n                            >\n                        <\/span>\n                                        <div class=\"text\">\n                        <p><strong>Caff\u00e8 di alta qualit\u00e0<\/strong>, t\u00e8 e succhi regionali inclusi<\/p>\n                    <\/div>\n                <\/li>\n                            <li class=\"item-row\">\n                                            <span class=\"icon\">\n                            <img decoding=\"async\"\n                                    src=\"https:\/\/www.hotel-sanmarco.at\/wp-content\/uploads\/2025\/11\/Hotel_San_Marco-Haekchen_Icon.svg\"\n                                    alt=\"\"\n                            >\n                        <\/span>\n                                        <div class=\"text\">\n                        <p>Su richiesta <strong>vegetariano o senza glutine<\/strong><\/p>\n                    <\/div>\n                <\/li>\n                            <li class=\"item-row\">\n                                            <span class=\"icon\">\n                            <img decoding=\"async\"\n                                    src=\"https:\/\/www.hotel-sanmarco.at\/wp-content\/uploads\/2025\/11\/Hotel_San_Marco-Haekchen_Icon.svg\"\n                                    alt=\"\"\n                            >\n                        <\/span>\n                                        <div class=\"text\">\n                        <p><strong>Adatto ai bambini, tranquillo e accogliente<\/strong><\/p>\n                    <\/div>\n                <\/li>\n                            <li class=\"item-row\">\n                                            <span class=\"icon\">\n                            <img decoding=\"async\"\n                                    src=\"https:\/\/www.hotel-sanmarco.at\/wp-content\/uploads\/2025\/11\/Hotel_San_Marco-Haekchen_Icon.svg\"\n                                    alt=\"\"\n                            >\n                        <\/span>\n                                        <div class=\"text\">\n                        <p>Ideale per <strong>piccoli gruppi, compleanni o riunioni di lavoro<\/strong><\/p>\n                    <\/div>\n                <\/li>\n                    <\/ul>\n    <\/div>\n\n\n\n<div class=\"wp-block-buttons is-layout-flex wp-block-buttons-is-layout-flex\">\n<div class=\"wp-block-button\"><a class=\"wp-block-button__link wp-element-button\"><strong>Prenota ora la colazione \u2013 anche per gli ospiti giornalieri<\/strong><\/a><\/div>\n<\/div>\n\n<\/div>\n\n<\/div>\n\n<div class=\"wp-block-media-text has-media-on-the-right is-stacked-on-mobile is-image-fill-element\" style=\"margin-top:var(--wp--preset--spacing--80);margin-bottom:var(--wp--preset--spacing--80)\"><div class=\"wp-block-media-text__content\">\n<h2 class=\"wp-block-heading\">Buono colazione dell&#8217;Hotel San Marco \u2013 Regala un piacere che unisce.<\/h2>\n\n\n\n<p>Una colazione insieme \u00e8 pi\u00f9 di un regalo \u2013 \u00e8 tempo che si condivide.<\/p>\n\n\n\n<p>Regalate piacere, calore e un momento di vero relax all&#8217;Hotel San Marco a Lannach.<\/p>\n\n\n\n<p>Che sia un piccolo pensiero, per un compleanno o semplicemente cos\u00ec:<br\/>Con un buono colazione regalate gioia che si gusta \u2013 e ricordi che restano.<\/p>\n\n\n\n<div class=\"wp-block-buttons is-layout-flex wp-block-buttons-is-layout-flex\">\n<div class=\"wp-block-button\"><a class=\"wp-block-button__link wp-element-button\">Richiedi ora il buono<\/a><\/div>\n<\/div>\n<\/div><figure class=\"wp-block-media-text__media\"><img loading=\"lazy\" decoding=\"async\" width=\"1024\" height=\"682\" src=\"https:\/\/www.hotel-sanmarco.at\/wp-content\/uploads\/2025\/11\/Hotel_San_Marco-Fruehstueck-1024x682.jpeg\" alt=\"\" class=\"wp-image-769 size-full\" style=\"object-position:50% 50%\" srcset=\"https:\/\/www.hotel-sanmarco.at\/wp-content\/uploads\/2025\/11\/Hotel_San_Marco-Fruehstueck-1024x682.jpeg 1024w, https:\/\/www.hotel-sanmarco.at\/wp-content\/uploads\/2025\/11\/Hotel_San_Marco-Fruehstueck-300x200.jpeg 300w, https:\/\/www.hotel-sanmarco.at\/wp-content\/uploads\/2025\/11\/Hotel_San_Marco-Fruehstueck-768x512.jpeg 768w, https:\/\/www.hotel-sanmarco.at\/wp-content\/uploads\/2025\/11\/Hotel_San_Marco-Fruehstueck.jpeg 1280w\" sizes=\"auto, (max-width: 1024px) 100vw, 1024px\" \/><\/figure><\/div>\n\n<h2 class=\"wp-block-heading has-text-align-center\" style=\"margin-top:var(--wp--preset--spacing--80)\">Opinioni dei nostri ospiti a colazione<\/h2>\n\n<div class=\"align wp-block-acf-testimonial-slide is-layout-flow wp-block-acf-testimonial-slide-is-layout-flow\" id=\"block_cfbccdbfcc8763bff27cfaebe880c529\">\n    <\/div>\n\n<p class=\"has-text-align-center\"><strong>Questi feedback li sentiamo spesso \u2013 e dimostrano:<br\/>Una buona colazione unisce.<\/strong><\/p>\n\n<div class=\"wp-block-buttons is-content-justification-center is-layout-flex wp-container-core-buttons-is-layout-16018d1d wp-block-buttons-is-layout-flex\">\n<div class=\"wp-block-button\"><a class=\"wp-block-button__link has-text-align-center wp-element-button\"><strong>Prenota ora la colazione<\/strong><\/a><\/div>\n<\/div>\n\n<p class=\"has-text-align-center\" style=\"margin-top:var(--wp--preset--spacing--30)\"><em>Tutti i giorni: 6:30\u201310:00<\/em><\/p>\n\n<figure class=\"wp-block-pullquote\" style=\"margin-top:var(--wp--preset--spacing--80)\"><blockquote><p>Fare colazione al San Marco \u00e8 pi\u00f9 di un semplice inizio di giornata. <br\/>\u00c8 quel momento in cui ci si sente a casa, con il profumo di caff\u00e8, prodotti da forno freschi e la sensazione di essere i benvenuti.<\/p><cite>Il vostro posto preferito vi aspetta!<\/cite><\/blockquote><\/figure>\n","protected":false},"excerpt":{"rendered":"<p>Opinioni dei nostri ospiti a colazione Questi feedback li sentiamo spesso \u2013 e dimostrano:Una buona colazione unisce. Tutti i giorni: 6:30\u201310:00 Fare colazione al San Marco \u00e8 pi\u00f9 di un semplice inizio di giornata. \u00c8 quel momento in cui ci si sente a casa, con il profumo di caff\u00e8, prodotti da forno freschi e la [&hellip;]<\/p>\n","protected":false},"author":1,"featured_media":0,"parent":0,"menu_order":0,"comment_status":"closed","ping_status":"closed","template":"","meta":{"_acf_changed":false,"footnotes":""},"class_list":["post-375","page","type-page","status-publish","hentry"],"acf":[],"yoast_head":"<!-- This site is optimized with the Yoast SEO plugin v27.2 - https:\/\/yoast.com\/product\/yoast-seo-wordpress\/ -->\n<title>Colazione - Hotel San Marco<\/title>\n<meta name=\"robots\" content=\"index, follow, max-snippet:-1, max-image-preview:large, max-video-preview:-1\" \/>\n<link rel=\"canonical\" href=\"https:\/\/www.hotel-sanmarco.at\/it\/colazione\/\" \/>\n<meta property=\"og:locale\" content=\"it_IT\" \/>\n<meta property=\"og:type\" content=\"article\" \/>\n<meta property=\"og:title\" content=\"Colazione - Hotel San Marco\" \/>\n<meta property=\"og:description\" content=\"Opinioni dei nostri ospiti a colazione Questi feedback li sentiamo spesso \u2013 e dimostrano:Una buona colazione unisce. Tutti i giorni: 6:30\u201310:00 Fare colazione al San Marco \u00e8 pi\u00f9 di un semplice inizio di giornata. \u00c8 quel momento in cui ci si sente a casa, con il profumo di caff\u00e8, prodotti da forno freschi e la [&hellip;]\" \/>\n<meta property=\"og:url\" content=\"https:\/\/www.hotel-sanmarco.at\/it\/colazione\/\" \/>\n<meta property=\"og:site_name\" content=\"Hotel San Marco\" \/>\n<meta property=\"article:modified_time\" content=\"2025-11-28T15:10:09+00:00\" \/>\n<meta property=\"og:image\" content=\"https:\/\/www.hotel-sanmarco.at\/wp-content\/uploads\/2025\/11\/Hotel_San_Marco-Fruehstueckszimmer.jpeg\" \/>\n\t<meta property=\"og:image:width\" content=\"1280\" \/>\n\t<meta property=\"og:image:height\" content=\"853\" \/>\n\t<meta property=\"og:image:type\" content=\"image\/jpeg\" \/>\n<meta name=\"twitter:card\" content=\"summary_large_image\" \/>\n<meta name=\"twitter:label1\" content=\"Tempo di lettura stimato\" \/>\n\t<meta name=\"twitter:data1\" content=\"2 minuti\" \/>\n<script type=\"application\/ld+json\" class=\"yoast-schema-graph\">{\"@context\":\"https:\/\/schema.org\",\"@graph\":[{\"@type\":\"WebPage\",\"@id\":\"https:\/\/www.hotel-sanmarco.at\/it\/colazione\/\",\"url\":\"https:\/\/www.hotel-sanmarco.at\/it\/colazione\/\",\"name\":\"Colazione - Hotel San Marco\",\"isPartOf\":{\"@id\":\"https:\/\/www.hotel-sanmarco.at\/it\/#website\"},\"primaryImageOfPage\":{\"@id\":\"https:\/\/www.hotel-sanmarco.at\/it\/colazione\/#primaryimage\"},\"image\":{\"@id\":\"https:\/\/www.hotel-sanmarco.at\/it\/colazione\/#primaryimage\"},\"thumbnailUrl\":\"https:\/\/www.hotel-sanmarco.at\/wp-content\/uploads\/2025\/11\/Hotel_San_Marco-Fruehstueckszimmer-1024x682.jpeg\",\"datePublished\":\"2025-11-24T13:22:34+00:00\",\"dateModified\":\"2025-11-28T15:10:09+00:00\",\"breadcrumb\":{\"@id\":\"https:\/\/www.hotel-sanmarco.at\/it\/colazione\/#breadcrumb\"},\"inLanguage\":\"it-IT\",\"potentialAction\":[{\"@type\":\"ReadAction\",\"target\":[\"https:\/\/www.hotel-sanmarco.at\/it\/colazione\/\"]}]},{\"@type\":\"ImageObject\",\"inLanguage\":\"it-IT\",\"@id\":\"https:\/\/www.hotel-sanmarco.at\/it\/colazione\/#primaryimage\",\"url\":\"https:\/\/www.hotel-sanmarco.at\/wp-content\/uploads\/2025\/11\/Hotel_San_Marco-Fruehstueckszimmer-1024x682.jpeg\",\"contentUrl\":\"https:\/\/www.hotel-sanmarco.at\/wp-content\/uploads\/2025\/11\/Hotel_San_Marco-Fruehstueckszimmer-1024x682.jpeg\"},{\"@type\":\"BreadcrumbList\",\"@id\":\"https:\/\/www.hotel-sanmarco.at\/it\/colazione\/#breadcrumb\",\"itemListElement\":[{\"@type\":\"ListItem\",\"position\":1,\"name\":\"Startseite\",\"item\":\"https:\/\/www.hotel-sanmarco.at\/it\/\"},{\"@type\":\"ListItem\",\"position\":2,\"name\":\"Colazione\"}]},{\"@type\":\"WebSite\",\"@id\":\"https:\/\/www.hotel-sanmarco.at\/it\/#website\",\"url\":\"https:\/\/www.hotel-sanmarco.at\/it\/\",\"name\":\"Hotel San Marco\",\"description\":\"Ihr Hotel in Lannach in der N\u00e4he von Graz. Echt. Herzlich. Famili\u00e4r.\",\"publisher\":{\"@id\":\"https:\/\/www.hotel-sanmarco.at\/it\/#organization\"},\"potentialAction\":[{\"@type\":\"SearchAction\",\"target\":{\"@type\":\"EntryPoint\",\"urlTemplate\":\"https:\/\/www.hotel-sanmarco.at\/it\/?s={search_term_string}\"},\"query-input\":{\"@type\":\"PropertyValueSpecification\",\"valueRequired\":true,\"valueName\":\"search_term_string\"}}],\"inLanguage\":\"it-IT\"},{\"@type\":\"Organization\",\"@id\":\"https:\/\/www.hotel-sanmarco.at\/it\/#organization\",\"name\":\"Hotel San Marco\",\"url\":\"https:\/\/www.hotel-sanmarco.at\/it\/\",\"logo\":{\"@type\":\"ImageObject\",\"inLanguage\":\"it-IT\",\"@id\":\"https:\/\/www.hotel-sanmarco.at\/it\/#\/schema\/logo\/image\/\",\"url\":\"https:\/\/www.hotel-sanmarco.at\/wp-content\/uploads\/2025\/11\/cropped-Hotel_San_Marco-Logo_ohne_Schrift.png\",\"contentUrl\":\"https:\/\/www.hotel-sanmarco.at\/wp-content\/uploads\/2025\/11\/cropped-Hotel_San_Marco-Logo_ohne_Schrift.png\",\"width\":159,\"height\":96,\"caption\":\"Hotel San Marco\"},\"image\":{\"@id\":\"https:\/\/www.hotel-sanmarco.at\/it\/#\/schema\/logo\/image\/\"}}]}<\/script>\n<!-- \/ Yoast SEO plugin. -->","yoast_head_json":{"title":"Colazione - Hotel San Marco","robots":{"index":"index","follow":"follow","max-snippet":"max-snippet:-1","max-image-preview":"max-image-preview:large","max-video-preview":"max-video-preview:-1"},"canonical":"https:\/\/www.hotel-sanmarco.at\/it\/colazione\/","og_locale":"it_IT","og_type":"article","og_title":"Colazione - Hotel San Marco","og_description":"Opinioni dei nostri ospiti a colazione Questi feedback li sentiamo spesso \u2013 e dimostrano:Una buona colazione unisce. Tutti i giorni: 6:30\u201310:00 Fare colazione al San Marco \u00e8 pi\u00f9 di un semplice inizio di giornata. \u00c8 quel momento in cui ci si sente a casa, con il profumo di caff\u00e8, prodotti da forno freschi e la [&hellip;]","og_url":"https:\/\/www.hotel-sanmarco.at\/it\/colazione\/","og_site_name":"Hotel San Marco","article_modified_time":"2025-11-28T15:10:09+00:00","og_image":[{"width":1280,"height":853,"url":"https:\/\/www.hotel-sanmarco.at\/wp-content\/uploads\/2025\/11\/Hotel_San_Marco-Fruehstueckszimmer.jpeg","type":"image\/jpeg"}],"twitter_card":"summary_large_image","twitter_misc":{"Tempo di lettura stimato":"2 minuti"},"schema":{"@context":"https:\/\/schema.org","@graph":[{"@type":"WebPage","@id":"https:\/\/www.hotel-sanmarco.at\/it\/colazione\/","url":"https:\/\/www.hotel-sanmarco.at\/it\/colazione\/","name":"Colazione - Hotel San Marco","isPartOf":{"@id":"https:\/\/www.hotel-sanmarco.at\/it\/#website"},"primaryImageOfPage":{"@id":"https:\/\/www.hotel-sanmarco.at\/it\/colazione\/#primaryimage"},"image":{"@id":"https:\/\/www.hotel-sanmarco.at\/it\/colazione\/#primaryimage"},"thumbnailUrl":"https:\/\/www.hotel-sanmarco.at\/wp-content\/uploads\/2025\/11\/Hotel_San_Marco-Fruehstueckszimmer-1024x682.jpeg","datePublished":"2025-11-24T13:22:34+00:00","dateModified":"2025-11-28T15:10:09+00:00","breadcrumb":{"@id":"https:\/\/www.hotel-sanmarco.at\/it\/colazione\/#breadcrumb"},"inLanguage":"it-IT","potentialAction":[{"@type":"ReadAction","target":["https:\/\/www.hotel-sanmarco.at\/it\/colazione\/"]}]},{"@type":"ImageObject","inLanguage":"it-IT","@id":"https:\/\/www.hotel-sanmarco.at\/it\/colazione\/#primaryimage","url":"https:\/\/www.hotel-sanmarco.at\/wp-content\/uploads\/2025\/11\/Hotel_San_Marco-Fruehstueckszimmer-1024x682.jpeg","contentUrl":"https:\/\/www.hotel-sanmarco.at\/wp-content\/uploads\/2025\/11\/Hotel_San_Marco-Fruehstueckszimmer-1024x682.jpeg"},{"@type":"BreadcrumbList","@id":"https:\/\/www.hotel-sanmarco.at\/it\/colazione\/#breadcrumb","itemListElement":[{"@type":"ListItem","position":1,"name":"Startseite","item":"https:\/\/www.hotel-sanmarco.at\/it\/"},{"@type":"ListItem","position":2,"name":"Colazione"}]},{"@type":"WebSite","@id":"https:\/\/www.hotel-sanmarco.at\/it\/#website","url":"https:\/\/www.hotel-sanmarco.at\/it\/","name":"Hotel San Marco","description":"Ihr Hotel in Lannach in der N\u00e4he von Graz. Echt. Herzlich. Famili\u00e4r.","publisher":{"@id":"https:\/\/www.hotel-sanmarco.at\/it\/#organization"},"potentialAction":[{"@type":"SearchAction","target":{"@type":"EntryPoint","urlTemplate":"https:\/\/www.hotel-sanmarco.at\/it\/?s={search_term_string}"},"query-input":{"@type":"PropertyValueSpecification","valueRequired":true,"valueName":"search_term_string"}}],"inLanguage":"it-IT"},{"@type":"Organization","@id":"https:\/\/www.hotel-sanmarco.at\/it\/#organization","name":"Hotel San Marco","url":"https:\/\/www.hotel-sanmarco.at\/it\/","logo":{"@type":"ImageObject","inLanguage":"it-IT","@id":"https:\/\/www.hotel-sanmarco.at\/it\/#\/schema\/logo\/image\/","url":"https:\/\/www.hotel-sanmarco.at\/wp-content\/uploads\/2025\/11\/cropped-Hotel_San_Marco-Logo_ohne_Schrift.png","contentUrl":"https:\/\/www.hotel-sanmarco.at\/wp-content\/uploads\/2025\/11\/cropped-Hotel_San_Marco-Logo_ohne_Schrift.png","width":159,"height":96,"caption":"Hotel San Marco"},"image":{"@id":"https:\/\/www.hotel-sanmarco.at\/it\/#\/schema\/logo\/image\/"}}]}},"_links":{"self":[{"href":"https:\/\/www.hotel-sanmarco.at\/it\/wp-json\/wp\/v2\/pages\/375","targetHints":{"allow":["GET"]}}],"collection":[{"href":"https:\/\/www.hotel-sanmarco.at\/it\/wp-json\/wp\/v2\/pages"}],"about":[{"href":"https:\/\/www.hotel-sanmarco.at\/it\/wp-json\/wp\/v2\/types\/page"}],"author":[{"embeddable":true,"href":"https:\/\/www.hotel-sanmarco.at\/it\/wp-json\/wp\/v2\/users\/1"}],"replies":[{"embeddable":true,"href":"https:\/\/www.hotel-sanmarco.at\/it\/wp-json\/wp\/v2\/comments?post=375"}],"version-history":[{"count":2,"href":"https:\/\/www.hotel-sanmarco.at\/it\/wp-json\/wp\/v2\/pages\/375\/revisions"}],"predecessor-version":[{"id":771,"href":"https:\/\/www.hotel-sanmarco.at\/it\/wp-json\/wp\/v2\/pages\/375\/revisions\/771"}],"wp:attachment":[{"href":"https:\/\/www.hotel-sanmarco.at\/it\/wp-json\/wp\/v2\/media?parent=375"}],"curies":[{"name":"wp","href":"https:\/\/api.w.org\/{rel}","templated":true}]}}