{"id":347,"date":"2025-11-24T01:25:27","date_gmt":"2025-11-24T01:25:27","guid":{"rendered":"https:\/\/www.hotel-sanmarco.at\/note-legali\/"},"modified":"2025-11-27T17:08:06","modified_gmt":"2025-11-27T17:08:06","slug":"note-legali","status":"publish","type":"page","link":"https:\/\/www.hotel-sanmarco.at\/it\/note-legali\/","title":{"rendered":"Note legali"},"content":{"rendered":"\n\n<div style=\"margin-bottom:var(--wp--preset--spacing--60);\" class=\"hero-small-wrapper alignfull align wp-block-acf-hero-small is-layout-flow wp-block-acf-hero-small-is-layout-flow\" id=\"block_522c0e4ad3dfd9b4cf1ddb6e04d2839e\" >\n\n    <div class=\"hero-small-content\">\n\n<h1 class=\"wp-block-heading\">Note legali<\/h1>\n\n<\/div>\n\n<\/div>\n<p><b>Obbligo di informazione ai sensi del \u00a7 5 comma. 1 Legge sul commercio elettronico e \u00a7 25 Legge sui media<\/b><\/p><p>San Marco Hotel GmbH<br \/>Astrid Schaffler<br\/>Radlpassstra\u00dfe 23<br\/>8502 Lannach<br\/>\u00d6sterreich<br\/><\/p><p><b>Rappresentato da:<\/b> Astrid Schaffler<br\/><\/p><p><b>Contatto:<\/b><br\/>Telefono: 4331368195831<br\/>E-Mail: <span style=\"display: none !important;\">2SzmTMAjftG6tBG<\/span>info<span style=\"display: none !important;\">PJAUapdXvdPT7sQ<\/span>@<span style=\"display: none !important;\">HMimZ5eGOrHQiER<\/span>hotelsanmarco.at<span style=\"display: none !important;\">AkHPhMEWWUHZu1G<\/span><br\/><\/p><p><b>Vat-ID:<\/b> ATU76408406<\/p>\n<p><b>ID economico:<\/b> 544984y<\/p><p><b>Disclaimer<\/b><br \/><\/p><p><b>Responsabilit\u00e0 per i link:<\/b><br\/>La nostra offerta contiene link a siti web esterni di terzi, sui cui contenuti non abbiamo alcuna influenza. Pertanto non ci assumiamo alcuna responsabilit\u00e0 per questi contenuti esterni. Il rispettivo fornitore o gestore delle pagine \u00e8 sempre responsabile dei contenuti delle pagine collegate. Le pagine collegate sono state controllate al momento del collegamento per verificare l&#8217;esistenza di eventuali violazioni legali. I contenuti illegali non sono stati identificati al momento del collegamento. Tuttavia, un controllo permanente dei contenuti delle pagine collegate non \u00e8 ragionevole senza prove concrete di una violazione della legge. Se veniamo a conoscenza di eventuali violazioni, rimuoveremo immediatamente tali link.<\/p><p><b>Responsabilit\u00e0 per il contenuto:<\/b><br\/>I contenuti delle nostre pagine sono stati creati con la massima cura. Tuttavia, non possiamo assumerci alcuna responsabilit\u00e0 per la correttezza, la completezza e l&#8217;attualit\u00e0 dei contenuti. In qualit\u00e0 di fornitori di servizi, siamo responsabili dei nostri contenuti su queste pagine ai sensi del\u00a7 5 DDG e delle leggi generali. Ai sensi die \u00a7 5 DDG non siamo obbligati a controllare le informazioni trasmesse o memorizzate da terzi o a indagare su circostanze che indicano un&#8217;attivit\u00e0 illegale. Restano impregiudicati gli obblighi di rimuovere o bloccare l&#8217;uso delle informazioni secondo le leggi generali. Tuttavia, la responsabilit\u00e0 in questo senso \u00e8 possibile solo a partire dal momento in cui si viene a conoscenza di una violazione concreta. Se veniamo a conoscenza di tali violazioni, rimuoveremo immediatamente il contenuto in questione.<\/p><p><b>Copyright<\/b><br \/>I contenuti e le opere di queste pagine create dai gestori del sito sono soggetti al diritto d&#8217;autore tedesco. La duplicazione, la redazione, la distribuzione e qualsiasi tipo di utilizzo al di fuori dei limiti del diritto d&#8217;autore richiedono il consenso scritto del rispettivo autore o creatore. Download e copie di queste pagine sono consentiti solo per uso privato e non commerciale. Nella misura in cui i contenuti di questo sito non sono stati creati dal gestore, vengono rispettati i diritti d&#8217;autore di terzi. In particolare, i contenuti di terzi sono identificati come tali. Se tuttavia doveste venire a conoscenza di una violazione del diritto d&#8217;autore, vi preghiamo di comunicarcelo. Se veniamo a conoscenza di eventuali violazioni, rimuoveremo immediatamente tali contenuti.<\/p>","protected":false},"excerpt":{"rendered":"","protected":false},"author":1,"featured_media":0,"parent":0,"menu_order":0,"comment_status":"closed","ping_status":"closed","template":"","meta":{"_acf_changed":false,"footnotes":""},"class_list":["post-347","page","type-page","status-publish","hentry"],"acf":[],"yoast_head":"<!-- This site is optimized with the Yoast SEO plugin v27.2 - https:\/\/yoast.com\/product\/yoast-seo-wordpress\/ -->\n<title>Note legali - Hotel San Marco<\/title>\n<meta name=\"robots\" content=\"noindex, follow\" \/>\n<meta property=\"og:locale\" content=\"it_IT\" \/>\n<meta property=\"og:type\" content=\"article\" \/>\n<meta property=\"og:title\" content=\"Note legali - Hotel San Marco\" \/>\n<meta property=\"og:url\" content=\"https:\/\/www.hotel-sanmarco.at\/it\/note-legali\/\" \/>\n<meta property=\"og:site_name\" content=\"Hotel San Marco\" \/>\n<meta property=\"article:modified_time\" content=\"2025-11-27T17:08:06+00:00\" \/>\n<meta name=\"twitter:card\" content=\"summary_large_image\" \/>\n<script type=\"application\/ld+json\" class=\"yoast-schema-graph\">{\"@context\":\"https:\/\/schema.org\",\"@graph\":[{\"@type\":\"WebPage\",\"@id\":\"https:\/\/www.hotel-sanmarco.at\/it\/note-legali\/\",\"url\":\"https:\/\/www.hotel-sanmarco.at\/it\/note-legali\/\",\"name\":\"Note legali - Hotel San Marco\",\"isPartOf\":{\"@id\":\"https:\/\/www.hotel-sanmarco.at\/it\/#website\"},\"datePublished\":\"2025-11-24T01:25:27+00:00\",\"dateModified\":\"2025-11-27T17:08:06+00:00\",\"breadcrumb\":{\"@id\":\"https:\/\/www.hotel-sanmarco.at\/it\/note-legali\/#breadcrumb\"},\"inLanguage\":\"it-IT\",\"potentialAction\":[{\"@type\":\"ReadAction\",\"target\":[\"https:\/\/www.hotel-sanmarco.at\/it\/note-legali\/\"]}]},{\"@type\":\"BreadcrumbList\",\"@id\":\"https:\/\/www.hotel-sanmarco.at\/it\/note-legali\/#breadcrumb\",\"itemListElement\":[{\"@type\":\"ListItem\",\"position\":1,\"name\":\"Startseite\",\"item\":\"https:\/\/www.hotel-sanmarco.at\/it\/\"},{\"@type\":\"ListItem\",\"position\":2,\"name\":\"Note legali\"}]},{\"@type\":\"WebSite\",\"@id\":\"https:\/\/www.hotel-sanmarco.at\/it\/#website\",\"url\":\"https:\/\/www.hotel-sanmarco.at\/it\/\",\"name\":\"Hotel San Marco\",\"description\":\"Ihr Hotel in Lannach in der N\u00e4he von Graz. Echt. Herzlich. Famili\u00e4r.\",\"publisher\":{\"@id\":\"https:\/\/www.hotel-sanmarco.at\/it\/#organization\"},\"potentialAction\":[{\"@type\":\"SearchAction\",\"target\":{\"@type\":\"EntryPoint\",\"urlTemplate\":\"https:\/\/www.hotel-sanmarco.at\/it\/?s={search_term_string}\"},\"query-input\":{\"@type\":\"PropertyValueSpecification\",\"valueRequired\":true,\"valueName\":\"search_term_string\"}}],\"inLanguage\":\"it-IT\"},{\"@type\":\"Organization\",\"@id\":\"https:\/\/www.hotel-sanmarco.at\/it\/#organization\",\"name\":\"Hotel San Marco\",\"url\":\"https:\/\/www.hotel-sanmarco.at\/it\/\",\"logo\":{\"@type\":\"ImageObject\",\"inLanguage\":\"it-IT\",\"@id\":\"https:\/\/www.hotel-sanmarco.at\/it\/#\/schema\/logo\/image\/\",\"url\":\"https:\/\/www.hotel-sanmarco.at\/wp-content\/uploads\/2025\/11\/cropped-Hotel_San_Marco-Logo_ohne_Schrift.png\",\"contentUrl\":\"https:\/\/www.hotel-sanmarco.at\/wp-content\/uploads\/2025\/11\/cropped-Hotel_San_Marco-Logo_ohne_Schrift.png\",\"width\":159,\"height\":96,\"caption\":\"Hotel San Marco\"},\"image\":{\"@id\":\"https:\/\/www.hotel-sanmarco.at\/it\/#\/schema\/logo\/image\/\"}}]}<\/script>\n<!-- \/ Yoast SEO plugin. -->","yoast_head_json":{"title":"Note legali - Hotel San Marco","robots":{"index":"noindex","follow":"follow"},"og_locale":"it_IT","og_type":"article","og_title":"Note legali - Hotel San Marco","og_url":"https:\/\/www.hotel-sanmarco.at\/it\/note-legali\/","og_site_name":"Hotel San Marco","article_modified_time":"2025-11-27T17:08:06+00:00","twitter_card":"summary_large_image","schema":{"@context":"https:\/\/schema.org","@graph":[{"@type":"WebPage","@id":"https:\/\/www.hotel-sanmarco.at\/it\/note-legali\/","url":"https:\/\/www.hotel-sanmarco.at\/it\/note-legali\/","name":"Note legali - Hotel San Marco","isPartOf":{"@id":"https:\/\/www.hotel-sanmarco.at\/it\/#website"},"datePublished":"2025-11-24T01:25:27+00:00","dateModified":"2025-11-27T17:08:06+00:00","breadcrumb":{"@id":"https:\/\/www.hotel-sanmarco.at\/it\/note-legali\/#breadcrumb"},"inLanguage":"it-IT","potentialAction":[{"@type":"ReadAction","target":["https:\/\/www.hotel-sanmarco.at\/it\/note-legali\/"]}]},{"@type":"BreadcrumbList","@id":"https:\/\/www.hotel-sanmarco.at\/it\/note-legali\/#breadcrumb","itemListElement":[{"@type":"ListItem","position":1,"name":"Startseite","item":"https:\/\/www.hotel-sanmarco.at\/it\/"},{"@type":"ListItem","position":2,"name":"Note legali"}]},{"@type":"WebSite","@id":"https:\/\/www.hotel-sanmarco.at\/it\/#website","url":"https:\/\/www.hotel-sanmarco.at\/it\/","name":"Hotel San Marco","description":"Ihr Hotel in Lannach in der N\u00e4he von Graz. Echt. Herzlich. Famili\u00e4r.","publisher":{"@id":"https:\/\/www.hotel-sanmarco.at\/it\/#organization"},"potentialAction":[{"@type":"SearchAction","target":{"@type":"EntryPoint","urlTemplate":"https:\/\/www.hotel-sanmarco.at\/it\/?s={search_term_string}"},"query-input":{"@type":"PropertyValueSpecification","valueRequired":true,"valueName":"search_term_string"}}],"inLanguage":"it-IT"},{"@type":"Organization","@id":"https:\/\/www.hotel-sanmarco.at\/it\/#organization","name":"Hotel San Marco","url":"https:\/\/www.hotel-sanmarco.at\/it\/","logo":{"@type":"ImageObject","inLanguage":"it-IT","@id":"https:\/\/www.hotel-sanmarco.at\/it\/#\/schema\/logo\/image\/","url":"https:\/\/www.hotel-sanmarco.at\/wp-content\/uploads\/2025\/11\/cropped-Hotel_San_Marco-Logo_ohne_Schrift.png","contentUrl":"https:\/\/www.hotel-sanmarco.at\/wp-content\/uploads\/2025\/11\/cropped-Hotel_San_Marco-Logo_ohne_Schrift.png","width":159,"height":96,"caption":"Hotel San Marco"},"image":{"@id":"https:\/\/www.hotel-sanmarco.at\/it\/#\/schema\/logo\/image\/"}}]}},"_links":{"self":[{"href":"https:\/\/www.hotel-sanmarco.at\/it\/wp-json\/wp\/v2\/pages\/347","targetHints":{"allow":["GET"]}}],"collection":[{"href":"https:\/\/www.hotel-sanmarco.at\/it\/wp-json\/wp\/v2\/pages"}],"about":[{"href":"https:\/\/www.hotel-sanmarco.at\/it\/wp-json\/wp\/v2\/types\/page"}],"author":[{"embeddable":true,"href":"https:\/\/www.hotel-sanmarco.at\/it\/wp-json\/wp\/v2\/users\/1"}],"replies":[{"embeddable":true,"href":"https:\/\/www.hotel-sanmarco.at\/it\/wp-json\/wp\/v2\/comments?post=347"}],"version-history":[{"count":1,"href":"https:\/\/www.hotel-sanmarco.at\/it\/wp-json\/wp\/v2\/pages\/347\/revisions"}],"predecessor-version":[{"id":349,"href":"https:\/\/www.hotel-sanmarco.at\/it\/wp-json\/wp\/v2\/pages\/347\/revisions\/349"}],"wp:attachment":[{"href":"https:\/\/www.hotel-sanmarco.at\/it\/wp-json\/wp\/v2\/media?parent=347"}],"curies":[{"name":"wp","href":"https:\/\/api.w.org\/{rel}","templated":true}]}}