{"id":397,"date":"2025-11-20T12:33:43","date_gmt":"2025-11-20T12:33:43","guid":{"rendered":"https:\/\/www.hotel-sanmarco.at\/o-nas\/"},"modified":"2025-11-28T01:09:10","modified_gmt":"2025-11-28T01:09:10","slug":"o-nas","status":"publish","type":"page","link":"https:\/\/www.hotel-sanmarco.at\/cs\/o-nas\/","title":{"rendered":"O n\u00e1s"},"content":{"rendered":"\n\n<div class=\"hero-small-wrapper alignfull align wp-block-acf-hero-small is-layout-flow wp-block-acf-hero-small-is-layout-flow\" id=\"block_601793a28794a61a7b98e8b0a314a695\" >\n\n    <div class=\"hero-small-content\">\n\n<h1 class=\"wp-block-heading\">Hotel San Marco v Lannachu u Grazu<\/h1>\n\n\n\n<h2 class=\"wp-block-heading\">autentick\u00fd, poctiv\u00fd, rodinn\u00fd<\/h2>\n\n\n\n<p>M\u00edsto ve \u0161t\u00fdrsk\u00e9m vina\u0159sk\u00e9m kraji, kde z\u00e1le\u017e\u00ed na up\u0159\u00edmn\u00fdch vztaz\u00edch.<br\/>Kde host\u00e9 jednodu\u0161e nep\u0159enocuj\u00ed, ale stanou se sou\u010d\u00e1st\u00ed mal\u00e9 rodiny San Marco \u2013 s d\u016fv\u011brou, kvalitou podan\u00fdch rukou a pocitem soun\u00e1le\u017eitosti.<\/p>\n\n<\/div>\n\n<\/div>\n\n<div class=\"wp-block-media-text has-media-on-the-right is-stacked-on-mobile is-image-fill-element\" style=\"margin-top:var(--wp--preset--spacing--80);margin-bottom:var(--wp--preset--spacing--80)\"><div class=\"wp-block-media-text__content\">\n<h2 class=\"wp-block-heading\">D\u016fm s postojem<\/h2>\n\n\n\n<p>Hotel San Marco je m\u00edstem pro v\u0161echny, kte\u0159\u00ed jsou na cest\u00e1ch \u2013 slu\u017eebn\u011b, na pr\u016fjezdu nebo na motocyklov\u00e9m v\u00fdlet\u011b \u2013 a p\u0159esto dbaj\u00ed na dobr\u00fd pocit.<\/p>\n\n\n\n<p>U n\u00e1s nejde jen o p\u0159enocov\u00e1n\u00ed, ale o dobr\u00fd pocit, \u017ee jste v\u00edt\u00e1ni.<\/p>\n\n\n\n<p><strong>O bl\u00edzkost, kter\u00e1 se nevnucuje. O d\u016fv\u011bru, kterou c\u00edt\u00edte je\u0161t\u011b p\u0159edt\u00edm, ne\u017e vstoup\u00edte do pokoje. P\u0159esn\u011b to n\u00e1s odli\u0161uje.  <\/strong><\/p>\n\n\n\n<h3 class=\"wp-block-heading\" style=\"margin-top:var(--wp--preset--spacing--60);margin-bottom:var(--wp--preset--spacing--50)\">Pro\u010d d\u011bl\u00e1me to, co d\u011bl\u00e1me<\/h3>\n\n\n\n<p>N\u011bkdy si \u010dlov\u011bk nenajde povol\u00e1n\u00ed \u2013 povol\u00e1n\u00ed si najde \u010dlov\u011bka.<br\/>K hotelu jsem se dostala sp\u00ed\u0161e n\u00e1hodou, ale rychle mi bylo jasn\u00e9: To je moje v\u00e1\u0161e\u0148.<\/p>\n\n\n\n<p>Nikdy jsem necht\u011bla jen v\u00e9st hotel.<br\/>V\u017edycky jsem se sna\u017eila vytvo\u0159it m\u00edsto, kde se lid\u00e9 c\u00edt\u00ed dob\u0159e \u2013 ne proto, \u017ee se v\u0161echno dokonale leskne, ale proto, \u017ee je to my\u0161leno up\u0159\u00edmn\u011b.<\/p>\n<\/div><figure class=\"wp-block-media-text__media\"><img loading=\"lazy\" decoding=\"async\" width=\"682\" height=\"1024\" src=\"https:\/\/www.hotel-sanmarco.at\/wp-content\/uploads\/2025\/11\/Hotel_San_Marco-Ein_Haus_mit_Haltung_Gastgeberinnen-682x1024.jpeg\" alt=\"\" class=\"wp-image-189 size-full\" style=\"object-position:53% 32%\" srcset=\"https:\/\/www.hotel-sanmarco.at\/wp-content\/uploads\/2025\/11\/Hotel_San_Marco-Ein_Haus_mit_Haltung_Gastgeberinnen-682x1024.jpeg 682w, https:\/\/www.hotel-sanmarco.at\/wp-content\/uploads\/2025\/11\/Hotel_San_Marco-Ein_Haus_mit_Haltung_Gastgeberinnen-200x300.jpeg 200w, https:\/\/www.hotel-sanmarco.at\/wp-content\/uploads\/2025\/11\/Hotel_San_Marco-Ein_Haus_mit_Haltung_Gastgeberinnen-768x1152.jpeg 768w, https:\/\/www.hotel-sanmarco.at\/wp-content\/uploads\/2025\/11\/Hotel_San_Marco-Ein_Haus_mit_Haltung_Gastgeberinnen.jpeg 853w\" sizes=\"auto, (max-width: 682px) 100vw, 682px\" \/><\/figure><\/div>\n\n<figure class=\"wp-block-pullquote\"><blockquote><p>Pro m\u011b je d\u016fle\u017eit\u00e9 to prav\u00e9 \u2013 kr\u00e1tk\u00fd rozhovor, up\u0159\u00edmn\u00fd \u00fasm\u011bv a pocit, \u017ee jste v\u00edt\u00e1ni.<br\/>Spole\u010dn\u011b s mal\u00fdm, anga\u017eovan\u00fdm t\u00fdmem \u017eijeme srde\u010dnost\u00ed, spolehlivost\u00ed a t\u00edm mal\u00fdm kouskem domova, kter\u00fd c\u00edt\u00edte, jakmile doraz\u00edte.<br\/>Udr\u017eitelnost je pro n\u00e1s samoz\u0159ejmost\u00ed \u2013 ohledupln\u00ed v jedn\u00e1n\u00ed s lidmi, zdroji a t\u00edm, co z\u016fstane.<br\/>N\u00e1\u0161 d\u016fm p\u0159edstavuje teplo nam\u00edsto luxusu a pohostinnost, kterou c\u00edt\u00edte.<br\/>A kdy\u017e host\u00e9 p\u0159i odchodu \u0159eknou:<br\/><em><strong>\u201eVr\u00e1t\u00edm se \u2013 prost\u011b proto, \u017ee se mi tady l\u00edbilo,\u201c<\/strong><\/em><br\/>pak v\u00edme, \u017ee jsme ud\u011blali v\u0161echno spr\u00e1vn\u011b.<br\/><strong>Proto\u017ee z host\u016f se st\u00e1vaj\u00ed p\u0159\u00e1tel\u00e9.<\/strong><\/p><cite>Astrid Schafflerov\u00e1 \u2013 hostitelka v hotelu San Marco<\/cite><\/blockquote><\/figure>\n\n<div class=\"wp-block-media-text is-stacked-on-mobile is-image-fill-element\" style=\"margin-top:var(--wp--preset--spacing--80);margin-bottom:var(--wp--preset--spacing--80)\"><figure class=\"wp-block-media-text__media\"><img loading=\"lazy\" decoding=\"async\" width=\"682\" height=\"1024\" src=\"https:\/\/www.hotel-sanmarco.at\/wp-content\/uploads\/2025\/11\/Hotel_San_Marco-Gastgeberinnen_Astrid_Schaffler_mit_Tocher-682x1024.jpeg\" alt=\"\" class=\"wp-image-191 size-full\" style=\"object-position:50% 50%\" srcset=\"https:\/\/www.hotel-sanmarco.at\/wp-content\/uploads\/2025\/11\/Hotel_San_Marco-Gastgeberinnen_Astrid_Schaffler_mit_Tocher-682x1024.jpeg 682w, https:\/\/www.hotel-sanmarco.at\/wp-content\/uploads\/2025\/11\/Hotel_San_Marco-Gastgeberinnen_Astrid_Schaffler_mit_Tocher-200x300.jpeg 200w, https:\/\/www.hotel-sanmarco.at\/wp-content\/uploads\/2025\/11\/Hotel_San_Marco-Gastgeberinnen_Astrid_Schaffler_mit_Tocher-768x1152.jpeg 768w, https:\/\/www.hotel-sanmarco.at\/wp-content\/uploads\/2025\/11\/Hotel_San_Marco-Gastgeberinnen_Astrid_Schaffler_mit_Tocher.jpeg 853w\" sizes=\"auto, (max-width: 682px) 100vw, 682px\" \/><\/figure><div class=\"wp-block-media-text__content\">\n<h2 class=\"wp-block-heading\">Srdce domu \u2013 hostitelka Astrid Schafflerov\u00e1 s dcerou<\/h2>\n\n\n\n<p>Astrid Schafflerov\u00e1 vede San Marco se srdcem, spolehlivost\u00ed a citem pro lidi.<br\/>Je hostitelkou z p\u0159esv\u011bd\u010den\u00ed \u2013 pozorn\u00e1, poctiv\u00e1 a v\u017edy bl\u00edzko sv\u00fdm host\u016fm.<\/p>\n\n\n\n<p>Jej\u00ed dcera vn\u00e1\u0161\u00ed do domu sv\u011b\u017e\u00ed v\u00edtr a stejn\u011b jako jej\u00ed matka p\u0159edstavuje to, co d\u011bl\u00e1 San Marco v\u00fdjime\u010dn\u00fdm: <strong>Teplo, d\u016fv\u011bru a up\u0159\u00edmn\u00e9 p\u0159iv\u00edt\u00e1n\u00ed.<\/strong><\/p>\n\n\n\n<p><em>\u201e<strong>Jeden host jednou \u0159ekl: Hodn\u011b cestuji pracovn\u011b, ale tady se c\u00edt\u00edm skoro jako doma. To je pro m\u011b ta nejkr\u00e1sn\u011bj\u0161\u00ed poklona.\u201c<\/strong><\/em><\/p>\n\n\n\n<p>Takov\u00e1 setk\u00e1n\u00ed pro m\u011b znamenaj\u00ed v\u00edc ne\u017e jak\u00e9koli hodnocen\u00ed, \u0159\u00edk\u00e1 hostitelka Astrid.<br\/>Proto\u017ee v San Marco nejde o \u010d\u00edsla, ale o lidi, kte\u0159\u00ed jsou na cest\u00e1ch \u2013 a tady doraz\u00ed.<\/p>\n\n\n\n<p><em>T\u011b\u0161\u00edm se na ka\u017ed\u00e9ho, kdo si tento okam\u017eik odnese s sebou \u2013 a mo\u017en\u00e1 si kousek z n\u011bj ponech\u00e1.<\/em><\/p>\n\n\n\n<p><strong><em>Astrid Schafflerov\u00e1<\/em><\/strong><em><br\/>Jednatelka Hotelu San Marco, Lannach<\/em><\/p>\n<\/div><\/div>\n\n<blockquote class=\"wp-block-quote is-layout-flow wp-block-quote-is-layout-flow\">\n<p><strong>Zde v z\u00e1padn\u00edm \u0160t\u00fdrsku, u br\u00e1ny do vina\u0159sk\u00e9 oblasti Schilcher, nedaleko Grazu a regionu Lipizzaner, bychom r\u00e1di uk\u00e1zali:<br\/>Pohostinnost nen\u00ed koncept, ale na\u0161e v\u00e1\u0161e\u0148 \u2013 a t\u00edm i n\u00e1\u0161 postoj. A p\u0159esn\u011b to zde ka\u017ed\u00fd den \u017eijeme<\/strong>.<\/p>\n<\/blockquote>\n\n<h2 class=\"wp-block-heading\" style=\"margin-top:var(--wp--preset--spacing--80)\">N\u00e1\u0161 t\u00fdm \u2013 sehran\u00fd, p\u0159\u00e1telsk\u00fd, autentick\u00fd<\/h2>\n\n<p>U n\u00e1s se po\u010d\u00edt\u00e1 souhra \u2013 ka\u017ed\u00fd v\u00ed, na \u010dem z\u00e1le\u017e\u00ed.<\/p>\n\n<p>A\u0165 u\u017e na recepci, u sn\u00eddan\u011b nebo p\u0159i \u00faklidu \u2013 ka\u017ed\u00fd v t\u00fdmu p\u0159isp\u00edv\u00e1 k tomu, aby v\u0161echno b\u011b\u017eelo hladce.<\/p>\n\n<p>V\u011b\u0159\u00edme, \u017ee skute\u010dn\u00fd servis nem\u00e1 nic spole\u010dn\u00e9ho s rutinou, ale s radost\u00ed z lid\u00ed.<\/p>\n\n<ul class=\"wp-block-list\">\n<li>Rychl\u00fd check-in i ve\u010der<\/li>\n\n\n\n<li>Sn\u00eddan\u011b od 6:30 pro rann\u00ed pt\u00e1\u010data<\/li>\n\n\n\n<li>\u010cist\u00e9 pokoje, na kter\u00e9 se m\u016f\u017eete spolehnout<\/li>\n<\/ul>\n\n<p><strong>Proto\u017ee n\u011bkdy toho nen\u00ed moc pot\u0159eba \u2013 krom\u011b lid\u00ed, kte\u0159\u00ed svou pr\u00e1ci d\u011blaj\u00ed r\u00e1di.<\/strong><\/p>\n\n<div class=\"wp-block-media-text has-media-on-the-right is-stacked-on-mobile is-image-fill-element\" style=\"margin-top:var(--wp--preset--spacing--80);margin-bottom:var(--wp--preset--spacing--80)\"><div class=\"wp-block-media-text__content\">\n<h2 class=\"wp-block-heading\">Pro\u010d se v San Marco z host\u016f st\u00e1vaj\u00ed p\u0159\u00e1tel\u00e9<\/h2>\n\n\n\n<p>Co se u n\u00e1s po\u010d\u00edt\u00e1, nen\u00ed rychl\u00e1 rezervace, ale opakuj\u00edc\u00ed se vztah.<\/p>\n\n\n\n<p>Mnoz\u00ed \u0159\u00edkaj\u00ed: <em>\u201eU v\u00e1s se c\u00edt\u00edme jako u p\u0159\u00e1tel \u2013 jen s lep\u0161\u00ed k\u00e1vou.\u201c<\/em> To nen\u00ed n\u00e1hoda, ale na\u0161e filozofie.<\/p>\n\n\n\n<h3 class=\"wp-block-heading\" style=\"margin-top:var(--wp--preset--spacing--50)\">Takto m\u016f\u017eete za\u017e\u00edt Hotel San Marco v Lannachu<\/h3>\n\n\n\n<p>A\u0165 u\u017e se teprve rozhl\u00ed\u017e\u00edte, nebo jste si jisti:<br\/><br\/><\/p>\n\n\n\n<div class=\"wp-block-buttons is-layout-flex wp-block-buttons-is-layout-flex\">\n<div class=\"wp-block-button\"><a class=\"wp-block-button__link wp-element-button\" href=\"https:\/\/www.hotel-sanmarco.at\/cs\/pokoje\/\">Objevte na\u0161e pokoje<\/a><\/div>\n\n\n\n<div class=\"wp-block-button\"><a class=\"wp-block-button__link wp-element-button\" href=\"https:\/\/www.hotel-sanmarco.at\/cs\/poptavky\/#\/\">Rezervujte p\u0159\u00edmo \u2013 t\u011b\u0161\u00edme se na v\u00e1s -&gt;<\/a><\/div>\n<\/div>\n<\/div><figure class=\"wp-block-media-text__media\"><img loading=\"lazy\" decoding=\"async\" width=\"1024\" height=\"684\" src=\"https:\/\/www.hotel-sanmarco.at\/wp-content\/uploads\/2025\/11\/Hotel_San_Marco-Motorradhotel_in_Lannach-1024x684.jpeg\" alt=\"\" class=\"wp-image-178 size-full\" style=\"object-position:55% 42%\" srcset=\"https:\/\/www.hotel-sanmarco.at\/wp-content\/uploads\/2025\/11\/Hotel_San_Marco-Motorradhotel_in_Lannach-1024x684.jpeg 1024w, https:\/\/www.hotel-sanmarco.at\/wp-content\/uploads\/2025\/11\/Hotel_San_Marco-Motorradhotel_in_Lannach-300x200.jpeg 300w, https:\/\/www.hotel-sanmarco.at\/wp-content\/uploads\/2025\/11\/Hotel_San_Marco-Motorradhotel_in_Lannach-768x513.jpeg 768w, https:\/\/www.hotel-sanmarco.at\/wp-content\/uploads\/2025\/11\/Hotel_San_Marco-Motorradhotel_in_Lannach.jpeg 1280w\" sizes=\"auto, (max-width: 1024px) 100vw, 1024px\" \/><\/figure><\/div>\n","protected":false},"excerpt":{"rendered":"<p>D\u016fm s postojem Hotel San Marco je m\u00edstem pro v\u0161echny, kte\u0159\u00ed jsou na cest\u00e1ch \u2013 slu\u017eebn\u011b, na pr\u016fjezdu nebo na motocyklov\u00e9m v\u00fdlet\u011b \u2013 a p\u0159esto dbaj\u00ed na dobr\u00fd pocit. U n\u00e1s nejde jen o p\u0159enocov\u00e1n\u00ed, ale o dobr\u00fd pocit, \u017ee jste v\u00edt\u00e1ni. O bl\u00edzkost, kter\u00e1 se nevnucuje. O d\u016fv\u011bru, kterou c\u00edt\u00edte je\u0161t\u011b p\u0159edt\u00edm, ne\u017e vstoup\u00edte [&hellip;]<\/p>\n","protected":false},"author":1,"featured_media":399,"parent":0,"menu_order":0,"comment_status":"closed","ping_status":"closed","template":"","meta":{"_acf_changed":false,"footnotes":""},"class_list":["post-397","page","type-page","status-publish","has-post-thumbnail","hentry"],"acf":[],"yoast_head":"<!-- This site is optimized with the Yoast SEO plugin v27.2 - https:\/\/yoast.com\/product\/yoast-seo-wordpress\/ -->\n<title>Hotel San Marco Lannach \u2013 srde\u010dn\u00fd, poctiv\u00fd, autentick\u00fd<\/title>\n<meta name=\"description\" content=\"Rodinn\u00fd hotel u Grazu: autentick\u00fd, srde\u010dn\u00fd, poctiv\u00fd. Hostitelka Astrid Schafflerov\u00e1 a jej\u00ed t\u00fdm se postaraj\u00ed o up\u0159\u00edmn\u00e9 p\u0159iv\u00edt\u00e1n\u00ed ve \u0161t\u00fdrsk\u00e9m vina\u0159sk\u00e9m kraji.\" \/>\n<meta name=\"robots\" content=\"index, follow, max-snippet:-1, max-image-preview:large, max-video-preview:-1\" \/>\n<link rel=\"canonical\" href=\"https:\/\/www.hotel-sanmarco.at\/cs\/o-nas\/\" \/>\n<meta property=\"og:locale\" content=\"cs_CZ\" \/>\n<meta property=\"og:type\" content=\"article\" \/>\n<meta property=\"og:title\" content=\"Hotel San Marco Lannach \u2013 srde\u010dn\u00fd, poctiv\u00fd, autentick\u00fd\" \/>\n<meta property=\"og:description\" content=\"Rodinn\u00fd hotel u Grazu: autentick\u00fd, srde\u010dn\u00fd, poctiv\u00fd. Hostitelka Astrid Schafflerov\u00e1 a jej\u00ed t\u00fdm se postaraj\u00ed o up\u0159\u00edmn\u00e9 p\u0159iv\u00edt\u00e1n\u00ed ve \u0161t\u00fdrsk\u00e9m vina\u0159sk\u00e9m kraji.\" \/>\n<meta property=\"og:url\" content=\"https:\/\/www.hotel-sanmarco.at\/cs\/o-nas\/\" \/>\n<meta property=\"og:site_name\" content=\"Hotel San Marco\" \/>\n<meta property=\"article:modified_time\" content=\"2025-11-28T01:09:10+00:00\" \/>\n<meta property=\"og:image\" content=\"https:\/\/www.hotel-sanmarco.at\/wp-content\/uploads\/2025\/11\/Hotel_San_Marco-Gastgeberinnen_Astrid_Schaffler_mit_Tocher.jpeg\" \/>\n\t<meta property=\"og:image:width\" content=\"853\" \/>\n\t<meta property=\"og:image:height\" content=\"1280\" \/>\n\t<meta property=\"og:image:type\" content=\"image\/jpeg\" \/>\n<meta name=\"twitter:card\" content=\"summary_large_image\" \/>\n<meta name=\"twitter:label1\" content=\"Odhadovan\u00e1 doba \u010dten\u00ed\" \/>\n\t<meta name=\"twitter:data1\" content=\"4 minuty\" \/>\n<script type=\"application\/ld+json\" class=\"yoast-schema-graph\">{\"@context\":\"https:\/\/schema.org\",\"@graph\":[{\"@type\":\"WebPage\",\"@id\":\"https:\/\/www.hotel-sanmarco.at\/cs\/o-nas\/\",\"url\":\"https:\/\/www.hotel-sanmarco.at\/cs\/o-nas\/\",\"name\":\"Hotel San Marco Lannach \u2013 srde\u010dn\u00fd, poctiv\u00fd, autentick\u00fd\",\"isPartOf\":{\"@id\":\"https:\/\/www.hotel-sanmarco.at\/cs\/#website\"},\"primaryImageOfPage\":{\"@id\":\"https:\/\/www.hotel-sanmarco.at\/cs\/o-nas\/#primaryimage\"},\"image\":{\"@id\":\"https:\/\/www.hotel-sanmarco.at\/cs\/o-nas\/#primaryimage\"},\"thumbnailUrl\":\"https:\/\/www.hotel-sanmarco.at\/wp-content\/uploads\/2025\/11\/Hotel_San_Marco-Gastgeberinnen_Astrid_Schaffler_mit_Tocher.jpeg\",\"datePublished\":\"2025-11-20T12:33:43+00:00\",\"dateModified\":\"2025-11-28T01:09:10+00:00\",\"description\":\"Rodinn\u00fd hotel u Grazu: autentick\u00fd, srde\u010dn\u00fd, poctiv\u00fd. Hostitelka Astrid Schafflerov\u00e1 a jej\u00ed t\u00fdm se postaraj\u00ed o up\u0159\u00edmn\u00e9 p\u0159iv\u00edt\u00e1n\u00ed ve \u0161t\u00fdrsk\u00e9m vina\u0159sk\u00e9m kraji.\",\"breadcrumb\":{\"@id\":\"https:\/\/www.hotel-sanmarco.at\/cs\/o-nas\/#breadcrumb\"},\"inLanguage\":\"cs\",\"potentialAction\":[{\"@type\":\"ReadAction\",\"target\":[\"https:\/\/www.hotel-sanmarco.at\/cs\/o-nas\/\"]}]},{\"@type\":\"ImageObject\",\"inLanguage\":\"cs\",\"@id\":\"https:\/\/www.hotel-sanmarco.at\/cs\/o-nas\/#primaryimage\",\"url\":\"https:\/\/www.hotel-sanmarco.at\/wp-content\/uploads\/2025\/11\/Hotel_San_Marco-Gastgeberinnen_Astrid_Schaffler_mit_Tocher.jpeg\",\"contentUrl\":\"https:\/\/www.hotel-sanmarco.at\/wp-content\/uploads\/2025\/11\/Hotel_San_Marco-Gastgeberinnen_Astrid_Schaffler_mit_Tocher.jpeg\",\"width\":853,\"height\":1280},{\"@type\":\"BreadcrumbList\",\"@id\":\"https:\/\/www.hotel-sanmarco.at\/cs\/o-nas\/#breadcrumb\",\"itemListElement\":[{\"@type\":\"ListItem\",\"position\":1,\"name\":\"Startseite\",\"item\":\"https:\/\/www.hotel-sanmarco.at\/cs\/\"},{\"@type\":\"ListItem\",\"position\":2,\"name\":\"O n\u00e1s\"}]},{\"@type\":\"WebSite\",\"@id\":\"https:\/\/www.hotel-sanmarco.at\/cs\/#website\",\"url\":\"https:\/\/www.hotel-sanmarco.at\/cs\/\",\"name\":\"Hotel San Marco\",\"description\":\"Ihr Hotel in Lannach in der N\u00e4he von Graz. Echt. Herzlich. Famili\u00e4r.\",\"publisher\":{\"@id\":\"https:\/\/www.hotel-sanmarco.at\/cs\/#organization\"},\"potentialAction\":[{\"@type\":\"SearchAction\",\"target\":{\"@type\":\"EntryPoint\",\"urlTemplate\":\"https:\/\/www.hotel-sanmarco.at\/cs\/?s={search_term_string}\"},\"query-input\":{\"@type\":\"PropertyValueSpecification\",\"valueRequired\":true,\"valueName\":\"search_term_string\"}}],\"inLanguage\":\"cs\"},{\"@type\":\"Organization\",\"@id\":\"https:\/\/www.hotel-sanmarco.at\/cs\/#organization\",\"name\":\"Hotel San Marco\",\"url\":\"https:\/\/www.hotel-sanmarco.at\/cs\/\",\"logo\":{\"@type\":\"ImageObject\",\"inLanguage\":\"cs\",\"@id\":\"https:\/\/www.hotel-sanmarco.at\/cs\/#\/schema\/logo\/image\/\",\"url\":\"https:\/\/www.hotel-sanmarco.at\/wp-content\/uploads\/2025\/11\/cropped-Hotel_San_Marco-Logo_ohne_Schrift.png\",\"contentUrl\":\"https:\/\/www.hotel-sanmarco.at\/wp-content\/uploads\/2025\/11\/cropped-Hotel_San_Marco-Logo_ohne_Schrift.png\",\"width\":159,\"height\":96,\"caption\":\"Hotel San Marco\"},\"image\":{\"@id\":\"https:\/\/www.hotel-sanmarco.at\/cs\/#\/schema\/logo\/image\/\"}}]}<\/script>\n<!-- \/ Yoast SEO plugin. -->","yoast_head_json":{"title":"Hotel San Marco Lannach \u2013 srde\u010dn\u00fd, poctiv\u00fd, autentick\u00fd","description":"Rodinn\u00fd hotel u Grazu: autentick\u00fd, srde\u010dn\u00fd, poctiv\u00fd. Hostitelka Astrid Schafflerov\u00e1 a jej\u00ed t\u00fdm se postaraj\u00ed o up\u0159\u00edmn\u00e9 p\u0159iv\u00edt\u00e1n\u00ed ve \u0161t\u00fdrsk\u00e9m vina\u0159sk\u00e9m kraji.","robots":{"index":"index","follow":"follow","max-snippet":"max-snippet:-1","max-image-preview":"max-image-preview:large","max-video-preview":"max-video-preview:-1"},"canonical":"https:\/\/www.hotel-sanmarco.at\/cs\/o-nas\/","og_locale":"cs_CZ","og_type":"article","og_title":"Hotel San Marco Lannach \u2013 srde\u010dn\u00fd, poctiv\u00fd, autentick\u00fd","og_description":"Rodinn\u00fd hotel u Grazu: autentick\u00fd, srde\u010dn\u00fd, poctiv\u00fd. Hostitelka Astrid Schafflerov\u00e1 a jej\u00ed t\u00fdm se postaraj\u00ed o up\u0159\u00edmn\u00e9 p\u0159iv\u00edt\u00e1n\u00ed ve \u0161t\u00fdrsk\u00e9m vina\u0159sk\u00e9m kraji.","og_url":"https:\/\/www.hotel-sanmarco.at\/cs\/o-nas\/","og_site_name":"Hotel San Marco","article_modified_time":"2025-11-28T01:09:10+00:00","og_image":[{"width":853,"height":1280,"url":"https:\/\/www.hotel-sanmarco.at\/wp-content\/uploads\/2025\/11\/Hotel_San_Marco-Gastgeberinnen_Astrid_Schaffler_mit_Tocher.jpeg","type":"image\/jpeg"}],"twitter_card":"summary_large_image","twitter_misc":{"Odhadovan\u00e1 doba \u010dten\u00ed":"4 minuty"},"schema":{"@context":"https:\/\/schema.org","@graph":[{"@type":"WebPage","@id":"https:\/\/www.hotel-sanmarco.at\/cs\/o-nas\/","url":"https:\/\/www.hotel-sanmarco.at\/cs\/o-nas\/","name":"Hotel San Marco Lannach \u2013 srde\u010dn\u00fd, poctiv\u00fd, autentick\u00fd","isPartOf":{"@id":"https:\/\/www.hotel-sanmarco.at\/cs\/#website"},"primaryImageOfPage":{"@id":"https:\/\/www.hotel-sanmarco.at\/cs\/o-nas\/#primaryimage"},"image":{"@id":"https:\/\/www.hotel-sanmarco.at\/cs\/o-nas\/#primaryimage"},"thumbnailUrl":"https:\/\/www.hotel-sanmarco.at\/wp-content\/uploads\/2025\/11\/Hotel_San_Marco-Gastgeberinnen_Astrid_Schaffler_mit_Tocher.jpeg","datePublished":"2025-11-20T12:33:43+00:00","dateModified":"2025-11-28T01:09:10+00:00","description":"Rodinn\u00fd hotel u Grazu: autentick\u00fd, srde\u010dn\u00fd, poctiv\u00fd. Hostitelka Astrid Schafflerov\u00e1 a jej\u00ed t\u00fdm se postaraj\u00ed o up\u0159\u00edmn\u00e9 p\u0159iv\u00edt\u00e1n\u00ed ve \u0161t\u00fdrsk\u00e9m vina\u0159sk\u00e9m kraji.","breadcrumb":{"@id":"https:\/\/www.hotel-sanmarco.at\/cs\/o-nas\/#breadcrumb"},"inLanguage":"cs","potentialAction":[{"@type":"ReadAction","target":["https:\/\/www.hotel-sanmarco.at\/cs\/o-nas\/"]}]},{"@type":"ImageObject","inLanguage":"cs","@id":"https:\/\/www.hotel-sanmarco.at\/cs\/o-nas\/#primaryimage","url":"https:\/\/www.hotel-sanmarco.at\/wp-content\/uploads\/2025\/11\/Hotel_San_Marco-Gastgeberinnen_Astrid_Schaffler_mit_Tocher.jpeg","contentUrl":"https:\/\/www.hotel-sanmarco.at\/wp-content\/uploads\/2025\/11\/Hotel_San_Marco-Gastgeberinnen_Astrid_Schaffler_mit_Tocher.jpeg","width":853,"height":1280},{"@type":"BreadcrumbList","@id":"https:\/\/www.hotel-sanmarco.at\/cs\/o-nas\/#breadcrumb","itemListElement":[{"@type":"ListItem","position":1,"name":"Startseite","item":"https:\/\/www.hotel-sanmarco.at\/cs\/"},{"@type":"ListItem","position":2,"name":"O n\u00e1s"}]},{"@type":"WebSite","@id":"https:\/\/www.hotel-sanmarco.at\/cs\/#website","url":"https:\/\/www.hotel-sanmarco.at\/cs\/","name":"Hotel San Marco","description":"Ihr Hotel in Lannach in der N\u00e4he von Graz. Echt. Herzlich. Famili\u00e4r.","publisher":{"@id":"https:\/\/www.hotel-sanmarco.at\/cs\/#organization"},"potentialAction":[{"@type":"SearchAction","target":{"@type":"EntryPoint","urlTemplate":"https:\/\/www.hotel-sanmarco.at\/cs\/?s={search_term_string}"},"query-input":{"@type":"PropertyValueSpecification","valueRequired":true,"valueName":"search_term_string"}}],"inLanguage":"cs"},{"@type":"Organization","@id":"https:\/\/www.hotel-sanmarco.at\/cs\/#organization","name":"Hotel San Marco","url":"https:\/\/www.hotel-sanmarco.at\/cs\/","logo":{"@type":"ImageObject","inLanguage":"cs","@id":"https:\/\/www.hotel-sanmarco.at\/cs\/#\/schema\/logo\/image\/","url":"https:\/\/www.hotel-sanmarco.at\/wp-content\/uploads\/2025\/11\/cropped-Hotel_San_Marco-Logo_ohne_Schrift.png","contentUrl":"https:\/\/www.hotel-sanmarco.at\/wp-content\/uploads\/2025\/11\/cropped-Hotel_San_Marco-Logo_ohne_Schrift.png","width":159,"height":96,"caption":"Hotel San Marco"},"image":{"@id":"https:\/\/www.hotel-sanmarco.at\/cs\/#\/schema\/logo\/image\/"}}]}},"_links":{"self":[{"href":"https:\/\/www.hotel-sanmarco.at\/cs\/wp-json\/wp\/v2\/pages\/397","targetHints":{"allow":["GET"]}}],"collection":[{"href":"https:\/\/www.hotel-sanmarco.at\/cs\/wp-json\/wp\/v2\/pages"}],"about":[{"href":"https:\/\/www.hotel-sanmarco.at\/cs\/wp-json\/wp\/v2\/types\/page"}],"author":[{"embeddable":true,"href":"https:\/\/www.hotel-sanmarco.at\/cs\/wp-json\/wp\/v2\/users\/1"}],"replies":[{"embeddable":true,"href":"https:\/\/www.hotel-sanmarco.at\/cs\/wp-json\/wp\/v2\/comments?post=397"}],"version-history":[{"count":2,"href":"https:\/\/www.hotel-sanmarco.at\/cs\/wp-json\/wp\/v2\/pages\/397\/revisions"}],"predecessor-version":[{"id":762,"href":"https:\/\/www.hotel-sanmarco.at\/cs\/wp-json\/wp\/v2\/pages\/397\/revisions\/762"}],"wp:featuredmedia":[{"embeddable":true,"href":"https:\/\/www.hotel-sanmarco.at\/cs\/wp-json\/wp\/v2\/media\/399"}],"wp:attachment":[{"href":"https:\/\/www.hotel-sanmarco.at\/cs\/wp-json\/wp\/v2\/media?parent=397"}],"curies":[{"name":"wp","href":"https:\/\/api.w.org\/{rel}","templated":true}]}}