{"id":380,"date":"2025-11-21T11:27:02","date_gmt":"2025-11-21T11:27:02","guid":{"rendered":"https:\/\/www.hotel-sanmarco.at\/motorkar\/"},"modified":"2025-11-28T01:07:36","modified_gmt":"2025-11-28T01:07:36","slug":"motorkar","status":"publish","type":"page","link":"https:\/\/www.hotel-sanmarco.at\/cs\/motorkar\/","title":{"rendered":"Motork\u00e1\u0159"},"content":{"rendered":"\n\n<div class=\"hero-small-wrapper alignfull align wp-block-acf-hero-small is-layout-flow wp-block-acf-hero-small-is-layout-flow\" id=\"block_b0cdf4fc9f30b3459d9e5943415bd260\" >\n\n    <div class=\"hero-small-content\">\n\n<h1 class=\"wp-block-heading\">Motork\u00e1\u0159i v Hotelu San Marco Lannach<\/h1>\n\n\n\n<h2 class=\"wp-block-heading\">P\u0159ijet. Zaparkovat. C\u00edtit se dob\u0159e.  <\/h2>\n\n<\/div>\n\n<\/div>\n\n<div class=\"wp-block-media-text has-media-on-the-right is-stacked-on-mobile is-image-fill-element\" style=\"margin-top:var(--wp--preset--spacing--80);margin-bottom:var(--wp--preset--spacing--80)\"><div class=\"wp-block-media-text__content\">\n<h2 class=\"wp-block-heading\">M\u00edsto, kde jste vy i v\u00e1\u0161 motocykl v dobr\u00fdch rukou<\/h2>\n\n\n\n<p>Jste na cest\u00e1ch. Nepot\u0159ebujete romantiku, ale m\u00edsto, na kter\u00e9 se m\u016f\u017eete spolehnout. <\/p>\n\n\n\n<p>V\u00e1\u0161 motocykl je v bezpe\u010d\u00ed, v\u00e1\u0161 pokoj je p\u0159ipraven. A dal\u0161\u00ed den za\u010d\u00edn\u00e1 silnou k\u00e1vou, dobrou sn\u00eddan\u00ed a trasou, kterou mo\u017en\u00e1 dostanete p\u0159\u00edmo od \u0161\u00e9fov\u00e9. <\/p>\n\n\n\n<p>\u017d\u00e1dn\u00e9 zbyte\u010dnosti. V\u0161e, co se po\u010d\u00edt\u00e1. <\/p>\n\n\n\n<div class=\"wp-block-buttons is-layout-flex wp-block-buttons-is-layout-flex\">\n<div class=\"wp-block-button\"><a class=\"wp-block-button__link wp-element-button\" href=\"https:\/\/www.hotel-sanmarco.at\/cs\/pokoje\/\">Zajist\u011bte si pokoj \u2013 motork\u00e1\u0159sky p\u0159\u00edv\u011btiv\u00fd &amp; nekomplikovan\u00fd<\/a><\/div>\n<\/div>\n<\/div><figure class=\"wp-block-media-text__media\"><img loading=\"lazy\" decoding=\"async\" width=\"1024\" height=\"682\" src=\"https:\/\/www.hotel-sanmarco.at\/wp-content\/uploads\/2025\/11\/Hotel_San_Marco-Motorradhotel_du_und_dein_Motorrad_gut_aufgehoben-1024x682.jpeg\" alt=\"\" class=\"wp-image-175 size-full\" style=\"object-position:0% 93%\" srcset=\"https:\/\/www.hotel-sanmarco.at\/wp-content\/uploads\/2025\/11\/Hotel_San_Marco-Motorradhotel_du_und_dein_Motorrad_gut_aufgehoben-1024x682.jpeg 1024w, https:\/\/www.hotel-sanmarco.at\/wp-content\/uploads\/2025\/11\/Hotel_San_Marco-Motorradhotel_du_und_dein_Motorrad_gut_aufgehoben-300x200.jpeg 300w, https:\/\/www.hotel-sanmarco.at\/wp-content\/uploads\/2025\/11\/Hotel_San_Marco-Motorradhotel_du_und_dein_Motorrad_gut_aufgehoben-768x512.jpeg 768w, https:\/\/www.hotel-sanmarco.at\/wp-content\/uploads\/2025\/11\/Hotel_San_Marco-Motorradhotel_du_und_dein_Motorrad_gut_aufgehoben.jpeg 1280w\" sizes=\"auto, (max-width: 1024px) 100vw, 1024px\" \/><\/figure><\/div>\n\n<div class=\"wp-block-media-text is-stacked-on-mobile is-image-fill-element\" style=\"margin-top:var(--wp--preset--spacing--80);margin-bottom:var(--wp--preset--spacing--80)\"><figure class=\"wp-block-media-text__media\"><img loading=\"lazy\" decoding=\"async\" width=\"1024\" height=\"682\" src=\"https:\/\/www.hotel-sanmarco.at\/wp-content\/uploads\/2025\/11\/Hotel_San_Marco-Unterwegs_und_trotzdem_ankommen-1024x682.jpeg\" alt=\"\" class=\"wp-image-177 size-full\" style=\"object-position:50% 50%\" srcset=\"https:\/\/www.hotel-sanmarco.at\/wp-content\/uploads\/2025\/11\/Hotel_San_Marco-Unterwegs_und_trotzdem_ankommen-1024x682.jpeg 1024w, https:\/\/www.hotel-sanmarco.at\/wp-content\/uploads\/2025\/11\/Hotel_San_Marco-Unterwegs_und_trotzdem_ankommen-300x200.jpeg 300w, https:\/\/www.hotel-sanmarco.at\/wp-content\/uploads\/2025\/11\/Hotel_San_Marco-Unterwegs_und_trotzdem_ankommen-768x512.jpeg 768w, https:\/\/www.hotel-sanmarco.at\/wp-content\/uploads\/2025\/11\/Hotel_San_Marco-Unterwegs_und_trotzdem_ankommen.jpeg 1280w\" sizes=\"auto, (max-width: 1024px) 100vw, 1024px\" \/><\/figure><div class=\"wp-block-media-text__content\">\n<h2 class=\"wp-block-heading\">Na cest\u00e1ch \u2013 a p\u0159esto v c\u00edli<\/h2>\n\n\n\n<p>Helma le\u017e\u00ed na posteli. Boty stoj\u00ed v rohu.<br\/>\u017d\u00e1dn\u00fd stres s odbaven\u00edm, \u017e\u00e1dn\u00e9 povinnosti. Jen vy, v\u00e1\u0161 motocykl a m\u00edsto, kter\u00e9 v\u00e1m rozum\u00ed.  <\/p>\n\n\n\n<p>Po 200 kilometrech zat\u00e1\u010dek nebo dlouh\u00e9 cest\u011b dom\u016f nechcete velk\u00e1 slova.<\/p>\n\n\n\n<p>Chcete horkou sprchu, \u010derstv\u00fd vzduch a pocit, \u017ee jste dorazili.<\/p>\n\n\n\n<p>V San Marco dostanete p\u0159esn\u011b to \u2013 p\u0159\u00e1telsky, prakticky a na stejn\u00e9 \u00farovni.<\/p>\n\n\n\n<div class=\"wp-block-buttons is-layout-flex wp-block-buttons-is-layout-flex\">\n<div class=\"wp-block-button\"><a class=\"wp-block-button__link wp-element-button\" href=\"https:\/\/www.hotel-sanmarco.at\/cs\/poptavky\/#\/\">Rezervujte si pokoj pro \u0159idi\u010de nyn\u00ed<\/a><\/div>\n<\/div>\n<\/div><\/div>\n\n<div class=\"align wp-block-acf-icon-grid is-layout-flow wp-block-acf-icon-grid-is-layout-flow\" id=\"block_b254320865777c137b8886ce99bc1a8a\">\n\n    <div class=\"icon-grid\">\n\n<h3 class=\"wp-block-heading is-style-h5\">Na co je pro v\u00e1s d\u016fle\u017eit\u00e9 \u2013 na to jsme mysleli<\/h3>\n\n\n\n<p>Zde dostanete, co se po\u010d\u00edt\u00e1.<br\/>\u017d\u00e1dn\u00e9 zbyte\u010dn\u00e9 ozdoby, ale v\u0161e, co opravdu pot\u0159ebujete, kdy\u017e jste na cest\u00e1ch s motorkou.<br\/>Na prvn\u00ed pohled:<\/p>\n\n\n\n<div class=\"icon-item\">\n            <ul class=\"icon-list\">\n                            <li class=\"item-row\">\n                                            <span class=\"icon\">\n                            <img decoding=\"async\"\n                                    src=\"https:\/\/www.hotel-sanmarco.at\/wp-content\/uploads\/2025\/11\/Hotel_San_Marco-Haekchen_Icon.svg\"\n                                    alt=\"\"\n                            >\n                        <\/span>\n                                        <div class=\"text\">\n                        <p>Flexibiln\u00ed p\u0159\u00edjezd \u2013 mo\u017en\u00fd i ve\u010der<\/p>\n                    <\/div>\n                <\/li>\n                            <li class=\"item-row\">\n                                            <span class=\"icon\">\n                            <img decoding=\"async\"\n                                    src=\"https:\/\/www.hotel-sanmarco.at\/wp-content\/uploads\/2025\/11\/Hotel_San_Marco-Haekchen_Icon.svg\"\n                                    alt=\"\"\n                            >\n                        <\/span>\n                                        <div class=\"text\">\n                        <p>Osobn\u00ed tipy na v\u00fdlety v regionu<\/p>\n                    <\/div>\n                <\/li>\n                    <\/ul>\n    <\/div>\n\n\n\n<p><strong>Kr\u00e1tce \u0159e\u010deno:<br\/><\/strong>P\u0159ijedete, bezpe\u010dn\u011b zaparkujete a v\u00edte: Tady je v\u0161echno v po\u0159\u00e1dku \u2013 od stroje a\u017e po sn\u00eddani.<\/p>\n\n\n\n<div class=\"wp-block-buttons is-layout-flex wp-block-buttons-is-layout-flex\">\n<div class=\"wp-block-button\"><a class=\"wp-block-button__link wp-element-button\" href=\"https:\/\/www.hotel-sanmarco.at\/cs\/pokoje\/\">Za\u010dn\u011bte prohl\u00eddku \u2013 zajist\u011bte si pokoj<\/a><\/div>\n<\/div>\n\n<\/div>\n\n<\/div>\n\n<h2 class=\"wp-block-heading has-text-align-center\" style=\"margin-top:var(--wp--preset--spacing--80)\">Co o n\u00e1s \u0159\u00edkaj\u00ed ostatn\u00ed motork\u00e1\u0159i<\/h2>\n\n<p class=\"has-text-align-center\">D\u016fv\u011bra vznik\u00e1, kdy\u017e se slova shoduj\u00ed se zku\u0161enostmi.<br\/>Proto rad\u011bji nech\u00e1me mluvit ty, kte\u0159\u00ed u\u017e tu byli.<\/p>\n\n<div class=\"align wp-block-acf-testimonial-slide is-layout-flow wp-block-acf-testimonial-slide-is-layout-flow\" id=\"block_515b0732cfe465523fd7c4b2d5e609f1\">\n    <\/div>\n\n<p class=\"has-text-align-center\"><strong>V Hotelu San Marco v\u00edte, co dostanete: up\u0159\u00edmnou pohostinnost a lidi, kte\u0159\u00ed v\u011bd\u00ed, na \u010dem z\u00e1le\u017e\u00ed.<\/strong><\/p>\n\n<div class=\"wp-block-buttons is-content-justification-center is-layout-flex wp-container-core-buttons-is-layout-16018d1d wp-block-buttons-is-layout-flex\">\n<div class=\"wp-block-button\"><a class=\"wp-block-button__link has-text-align-center wp-element-button\">Za\u017eijte sami \u2013 zeptejte se na pokoj pro \u0159idi\u010de<\/a><\/div>\n<\/div>\n\n<div class=\"wp-block-media-text has-media-on-the-right is-stacked-on-mobile is-image-fill-element\" style=\"margin-top:var(--wp--preset--spacing--80);margin-bottom:var(--wp--preset--spacing--80)\"><div class=\"wp-block-media-text__content\">\n<h2 class=\"wp-block-heading\">Motork\u00e1\u0159sk\u00fd hotel San Marco v Lannachu<\/h2>\n\n\n\n<h3 class=\"wp-block-heading\">va\u0161e zast\u00e1vka se stylem a dobrou sn\u00eddan\u00ed ve \u0160t\u00fdrsku<\/h3>\n\n\n\n<p><strong>Hotel San Marco v Lannachu se nach\u00e1z\u00ed pouh\u00fdch 15 minut od Grazu, uprost\u0159ed \u0161t\u00fdrsk\u00e9 kopcovit\u00e9 krajiny \u2013 ide\u00e1ln\u00ed pro jednodenn\u00ed v\u00fdlety po Schilcherlandu, Lipizzanerheimatu a Vinn\u00fdch stezk\u00e1ch.<\/strong><\/p>\n\n\n\n<p><strong>Va\u0161e v\u00fdhody na prvn\u00ed pohled:<\/strong><\/p>\n\n\n\n<ul class=\"wp-block-list\">\n<li>centr\u00e1ln\u00ed poloha v bl\u00edzkosti A2 \/ A9<\/li>\n\n\n\n<li><strong>Cca. 15 minut motorkou od Grazu<\/strong><\/li>\n\n\n\n<li>bezplatn\u00e9 popisy tras &amp; tipy na trasy<\/li>\n\n\n\n<li>\u010cerpac\u00ed stanice p\u0159\u00edmo v bl\u00edzkosti<\/li>\n\n\n\n<li>Sn\u00eddan\u011b od 6:30<\/li>\n<\/ul>\n\n\n\n<p><strong>A\u0165 u\u017e mezip\u0159ist\u00e1n\u00ed nebo v\u00fdchoz\u00ed bod \u2013 ka\u017ed\u00e1 prohl\u00eddka zde za\u010d\u00edn\u00e1 uvoln\u011bn\u011b s bohatou sn\u00eddan\u00ed formou bufetu.<\/strong><\/p>\n\n\n\n<div class=\"wp-block-buttons is-layout-flex wp-block-buttons-is-layout-flex\">\n<div class=\"wp-block-button\"><a class=\"wp-block-button__link wp-element-button\" href=\"https:\/\/www.hotel-sanmarco.at\/cs\/pokoje\/\">Rezervujte si pokoj pro \u0159idi\u010de nyn\u00ed<\/a><\/div>\n<\/div>\n<\/div><figure class=\"wp-block-media-text__media\"><img loading=\"lazy\" decoding=\"async\" width=\"1024\" height=\"684\" src=\"https:\/\/www.hotel-sanmarco.at\/wp-content\/uploads\/2025\/11\/Hotel_San_Marco-Motorradhotel_in_Lannach-1024x684.jpeg\" alt=\"\" class=\"wp-image-178 size-full\" style=\"object-position:50% 50%\" srcset=\"https:\/\/www.hotel-sanmarco.at\/wp-content\/uploads\/2025\/11\/Hotel_San_Marco-Motorradhotel_in_Lannach-1024x684.jpeg 1024w, https:\/\/www.hotel-sanmarco.at\/wp-content\/uploads\/2025\/11\/Hotel_San_Marco-Motorradhotel_in_Lannach-300x200.jpeg 300w, https:\/\/www.hotel-sanmarco.at\/wp-content\/uploads\/2025\/11\/Hotel_San_Marco-Motorradhotel_in_Lannach-768x513.jpeg 768w, https:\/\/www.hotel-sanmarco.at\/wp-content\/uploads\/2025\/11\/Hotel_San_Marco-Motorradhotel_in_Lannach.jpeg 1280w\" sizes=\"auto, (max-width: 1024px) 100vw, 1024px\" \/><\/figure><\/div>\n","protected":false},"excerpt":{"rendered":"<p>Co o n\u00e1s \u0159\u00edkaj\u00ed ostatn\u00ed motork\u00e1\u0159i D\u016fv\u011bra vznik\u00e1, kdy\u017e se slova shoduj\u00ed se zku\u0161enostmi.Proto rad\u011bji nech\u00e1me mluvit ty, kte\u0159\u00ed u\u017e tu byli. V Hotelu San Marco v\u00edte, co dostanete: up\u0159\u00edmnou pohostinnost a lidi, kte\u0159\u00ed v\u011bd\u00ed, na \u010dem z\u00e1le\u017e\u00ed.<\/p>\n","protected":false},"author":1,"featured_media":381,"parent":0,"menu_order":0,"comment_status":"closed","ping_status":"closed","template":"","meta":{"_acf_changed":false,"footnotes":""},"class_list":["post-380","page","type-page","status-publish","has-post-thumbnail","hentry"],"acf":[],"yoast_head":"<!-- This site is optimized with the Yoast SEO plugin v27.2 - https:\/\/yoast.com\/product\/yoast-seo-wordpress\/ -->\n<title>Biker Hotel San Marco \u2013 bezpe\u010dn\u00e9 parkov\u00e1n\u00ed &amp; dobr\u00fd sp\u00e1nek<\/title>\n<meta name=\"description\" content=\"P\u0159ije\u010fte, zaparkujte, u\u017eijte si to: Motork\u00e1\u0159sk\u00fd hotel San Marco v Lannachu nab\u00edz\u00ed bezpe\u010dn\u00e1 parkovac\u00ed m\u00edsta, brzkou sn\u00eddani &amp; tipy na va\u0161e v\u00fdlety po okol\u00ed Grazu.\" \/>\n<meta name=\"robots\" content=\"index, follow, max-snippet:-1, max-image-preview:large, max-video-preview:-1\" \/>\n<link rel=\"canonical\" href=\"https:\/\/www.hotel-sanmarco.at\/cs\/motorkar\/\" \/>\n<meta property=\"og:locale\" content=\"cs_CZ\" \/>\n<meta property=\"og:type\" content=\"article\" \/>\n<meta property=\"og:title\" content=\"Biker Hotel San Marco \u2013 bezpe\u010dn\u00e9 parkov\u00e1n\u00ed &amp; dobr\u00fd sp\u00e1nek\" \/>\n<meta property=\"og:description\" content=\"P\u0159ije\u010fte, zaparkujte, u\u017eijte si to: Motork\u00e1\u0159sk\u00fd hotel San Marco v Lannachu nab\u00edz\u00ed bezpe\u010dn\u00e1 parkovac\u00ed m\u00edsta, brzkou sn\u00eddani &amp; tipy na va\u0161e v\u00fdlety po okol\u00ed Grazu.\" \/>\n<meta property=\"og:url\" content=\"https:\/\/www.hotel-sanmarco.at\/cs\/motorkar\/\" \/>\n<meta property=\"og:site_name\" content=\"Hotel San Marco\" \/>\n<meta property=\"article:modified_time\" content=\"2025-11-28T01:07:36+00:00\" \/>\n<meta property=\"og:image\" content=\"https:\/\/www.hotel-sanmarco.at\/wp-content\/uploads\/2025\/11\/Hotel_San_Marco-Motorradhotel_du_und_dein_Motorrad_gut_aufgehoben.jpeg\" \/>\n\t<meta property=\"og:image:width\" content=\"1280\" \/>\n\t<meta property=\"og:image:height\" content=\"853\" \/>\n\t<meta property=\"og:image:type\" content=\"image\/jpeg\" \/>\n<meta name=\"twitter:card\" content=\"summary_large_image\" \/>\n<meta name=\"twitter:label1\" content=\"Odhadovan\u00e1 doba \u010dten\u00ed\" \/>\n\t<meta name=\"twitter:data1\" content=\"2 minuty\" \/>\n<script type=\"application\/ld+json\" class=\"yoast-schema-graph\">{\"@context\":\"https:\/\/schema.org\",\"@graph\":[{\"@type\":\"WebPage\",\"@id\":\"https:\/\/www.hotel-sanmarco.at\/cs\/motorkar\/\",\"url\":\"https:\/\/www.hotel-sanmarco.at\/cs\/motorkar\/\",\"name\":\"Biker Hotel San Marco \u2013 bezpe\u010dn\u00e9 parkov\u00e1n\u00ed & dobr\u00fd sp\u00e1nek\",\"isPartOf\":{\"@id\":\"https:\/\/www.hotel-sanmarco.at\/cs\/#website\"},\"primaryImageOfPage\":{\"@id\":\"https:\/\/www.hotel-sanmarco.at\/cs\/motorkar\/#primaryimage\"},\"image\":{\"@id\":\"https:\/\/www.hotel-sanmarco.at\/cs\/motorkar\/#primaryimage\"},\"thumbnailUrl\":\"https:\/\/www.hotel-sanmarco.at\/wp-content\/uploads\/2025\/11\/Hotel_San_Marco-Motorradhotel_du_und_dein_Motorrad_gut_aufgehoben.jpeg\",\"datePublished\":\"2025-11-21T11:27:02+00:00\",\"dateModified\":\"2025-11-28T01:07:36+00:00\",\"description\":\"P\u0159ije\u010fte, zaparkujte, u\u017eijte si to: Motork\u00e1\u0159sk\u00fd hotel San Marco v Lannachu nab\u00edz\u00ed bezpe\u010dn\u00e1 parkovac\u00ed m\u00edsta, brzkou sn\u00eddani & tipy na va\u0161e v\u00fdlety po okol\u00ed Grazu.\",\"breadcrumb\":{\"@id\":\"https:\/\/www.hotel-sanmarco.at\/cs\/motorkar\/#breadcrumb\"},\"inLanguage\":\"cs\",\"potentialAction\":[{\"@type\":\"ReadAction\",\"target\":[\"https:\/\/www.hotel-sanmarco.at\/cs\/motorkar\/\"]}]},{\"@type\":\"ImageObject\",\"inLanguage\":\"cs\",\"@id\":\"https:\/\/www.hotel-sanmarco.at\/cs\/motorkar\/#primaryimage\",\"url\":\"https:\/\/www.hotel-sanmarco.at\/wp-content\/uploads\/2025\/11\/Hotel_San_Marco-Motorradhotel_du_und_dein_Motorrad_gut_aufgehoben.jpeg\",\"contentUrl\":\"https:\/\/www.hotel-sanmarco.at\/wp-content\/uploads\/2025\/11\/Hotel_San_Marco-Motorradhotel_du_und_dein_Motorrad_gut_aufgehoben.jpeg\",\"width\":1280,\"height\":853,\"caption\":\"Po\u017eega, Chorvatsko \u2013 25. kv\u011btna 2025: Honda CMX 1100 Rebel motocykl modern\u00ed logo zna\u010dky a textov\u00fd znak od asijsk\u00e9 japonsk\u00e9 spole\u010dnosti.\"},{\"@type\":\"BreadcrumbList\",\"@id\":\"https:\/\/www.hotel-sanmarco.at\/cs\/motorkar\/#breadcrumb\",\"itemListElement\":[{\"@type\":\"ListItem\",\"position\":1,\"name\":\"Startseite\",\"item\":\"https:\/\/www.hotel-sanmarco.at\/cs\/\"},{\"@type\":\"ListItem\",\"position\":2,\"name\":\"Motork\u00e1\u0159\"}]},{\"@type\":\"WebSite\",\"@id\":\"https:\/\/www.hotel-sanmarco.at\/cs\/#website\",\"url\":\"https:\/\/www.hotel-sanmarco.at\/cs\/\",\"name\":\"Hotel San Marco\",\"description\":\"Ihr Hotel in Lannach in der N\u00e4he von Graz. Echt. Herzlich. Famili\u00e4r.\",\"publisher\":{\"@id\":\"https:\/\/www.hotel-sanmarco.at\/cs\/#organization\"},\"potentialAction\":[{\"@type\":\"SearchAction\",\"target\":{\"@type\":\"EntryPoint\",\"urlTemplate\":\"https:\/\/www.hotel-sanmarco.at\/cs\/?s={search_term_string}\"},\"query-input\":{\"@type\":\"PropertyValueSpecification\",\"valueRequired\":true,\"valueName\":\"search_term_string\"}}],\"inLanguage\":\"cs\"},{\"@type\":\"Organization\",\"@id\":\"https:\/\/www.hotel-sanmarco.at\/cs\/#organization\",\"name\":\"Hotel San Marco\",\"url\":\"https:\/\/www.hotel-sanmarco.at\/cs\/\",\"logo\":{\"@type\":\"ImageObject\",\"inLanguage\":\"cs\",\"@id\":\"https:\/\/www.hotel-sanmarco.at\/cs\/#\/schema\/logo\/image\/\",\"url\":\"https:\/\/www.hotel-sanmarco.at\/wp-content\/uploads\/2025\/11\/cropped-Hotel_San_Marco-Logo_ohne_Schrift.png\",\"contentUrl\":\"https:\/\/www.hotel-sanmarco.at\/wp-content\/uploads\/2025\/11\/cropped-Hotel_San_Marco-Logo_ohne_Schrift.png\",\"width\":159,\"height\":96,\"caption\":\"Hotel San Marco\"},\"image\":{\"@id\":\"https:\/\/www.hotel-sanmarco.at\/cs\/#\/schema\/logo\/image\/\"}}]}<\/script>\n<!-- \/ Yoast SEO plugin. -->","yoast_head_json":{"title":"Biker Hotel San Marco \u2013 bezpe\u010dn\u00e9 parkov\u00e1n\u00ed & dobr\u00fd sp\u00e1nek","description":"P\u0159ije\u010fte, zaparkujte, u\u017eijte si to: Motork\u00e1\u0159sk\u00fd hotel San Marco v Lannachu nab\u00edz\u00ed bezpe\u010dn\u00e1 parkovac\u00ed m\u00edsta, brzkou sn\u00eddani & tipy na va\u0161e v\u00fdlety po okol\u00ed Grazu.","robots":{"index":"index","follow":"follow","max-snippet":"max-snippet:-1","max-image-preview":"max-image-preview:large","max-video-preview":"max-video-preview:-1"},"canonical":"https:\/\/www.hotel-sanmarco.at\/cs\/motorkar\/","og_locale":"cs_CZ","og_type":"article","og_title":"Biker Hotel San Marco \u2013 bezpe\u010dn\u00e9 parkov\u00e1n\u00ed & dobr\u00fd sp\u00e1nek","og_description":"P\u0159ije\u010fte, zaparkujte, u\u017eijte si to: Motork\u00e1\u0159sk\u00fd hotel San Marco v Lannachu nab\u00edz\u00ed bezpe\u010dn\u00e1 parkovac\u00ed m\u00edsta, brzkou sn\u00eddani & tipy na va\u0161e v\u00fdlety po okol\u00ed Grazu.","og_url":"https:\/\/www.hotel-sanmarco.at\/cs\/motorkar\/","og_site_name":"Hotel San Marco","article_modified_time":"2025-11-28T01:07:36+00:00","og_image":[{"width":1280,"height":853,"url":"https:\/\/www.hotel-sanmarco.at\/wp-content\/uploads\/2025\/11\/Hotel_San_Marco-Motorradhotel_du_und_dein_Motorrad_gut_aufgehoben.jpeg","type":"image\/jpeg"}],"twitter_card":"summary_large_image","twitter_misc":{"Odhadovan\u00e1 doba \u010dten\u00ed":"2 minuty"},"schema":{"@context":"https:\/\/schema.org","@graph":[{"@type":"WebPage","@id":"https:\/\/www.hotel-sanmarco.at\/cs\/motorkar\/","url":"https:\/\/www.hotel-sanmarco.at\/cs\/motorkar\/","name":"Biker Hotel San Marco \u2013 bezpe\u010dn\u00e9 parkov\u00e1n\u00ed & dobr\u00fd sp\u00e1nek","isPartOf":{"@id":"https:\/\/www.hotel-sanmarco.at\/cs\/#website"},"primaryImageOfPage":{"@id":"https:\/\/www.hotel-sanmarco.at\/cs\/motorkar\/#primaryimage"},"image":{"@id":"https:\/\/www.hotel-sanmarco.at\/cs\/motorkar\/#primaryimage"},"thumbnailUrl":"https:\/\/www.hotel-sanmarco.at\/wp-content\/uploads\/2025\/11\/Hotel_San_Marco-Motorradhotel_du_und_dein_Motorrad_gut_aufgehoben.jpeg","datePublished":"2025-11-21T11:27:02+00:00","dateModified":"2025-11-28T01:07:36+00:00","description":"P\u0159ije\u010fte, zaparkujte, u\u017eijte si to: Motork\u00e1\u0159sk\u00fd hotel San Marco v Lannachu nab\u00edz\u00ed bezpe\u010dn\u00e1 parkovac\u00ed m\u00edsta, brzkou sn\u00eddani & tipy na va\u0161e v\u00fdlety po okol\u00ed Grazu.","breadcrumb":{"@id":"https:\/\/www.hotel-sanmarco.at\/cs\/motorkar\/#breadcrumb"},"inLanguage":"cs","potentialAction":[{"@type":"ReadAction","target":["https:\/\/www.hotel-sanmarco.at\/cs\/motorkar\/"]}]},{"@type":"ImageObject","inLanguage":"cs","@id":"https:\/\/www.hotel-sanmarco.at\/cs\/motorkar\/#primaryimage","url":"https:\/\/www.hotel-sanmarco.at\/wp-content\/uploads\/2025\/11\/Hotel_San_Marco-Motorradhotel_du_und_dein_Motorrad_gut_aufgehoben.jpeg","contentUrl":"https:\/\/www.hotel-sanmarco.at\/wp-content\/uploads\/2025\/11\/Hotel_San_Marco-Motorradhotel_du_und_dein_Motorrad_gut_aufgehoben.jpeg","width":1280,"height":853,"caption":"Po\u017eega, Chorvatsko \u2013 25. kv\u011btna 2025: Honda CMX 1100 Rebel motocykl modern\u00ed logo zna\u010dky a textov\u00fd znak od asijsk\u00e9 japonsk\u00e9 spole\u010dnosti."},{"@type":"BreadcrumbList","@id":"https:\/\/www.hotel-sanmarco.at\/cs\/motorkar\/#breadcrumb","itemListElement":[{"@type":"ListItem","position":1,"name":"Startseite","item":"https:\/\/www.hotel-sanmarco.at\/cs\/"},{"@type":"ListItem","position":2,"name":"Motork\u00e1\u0159"}]},{"@type":"WebSite","@id":"https:\/\/www.hotel-sanmarco.at\/cs\/#website","url":"https:\/\/www.hotel-sanmarco.at\/cs\/","name":"Hotel San Marco","description":"Ihr Hotel in Lannach in der N\u00e4he von Graz. Echt. Herzlich. Famili\u00e4r.","publisher":{"@id":"https:\/\/www.hotel-sanmarco.at\/cs\/#organization"},"potentialAction":[{"@type":"SearchAction","target":{"@type":"EntryPoint","urlTemplate":"https:\/\/www.hotel-sanmarco.at\/cs\/?s={search_term_string}"},"query-input":{"@type":"PropertyValueSpecification","valueRequired":true,"valueName":"search_term_string"}}],"inLanguage":"cs"},{"@type":"Organization","@id":"https:\/\/www.hotel-sanmarco.at\/cs\/#organization","name":"Hotel San Marco","url":"https:\/\/www.hotel-sanmarco.at\/cs\/","logo":{"@type":"ImageObject","inLanguage":"cs","@id":"https:\/\/www.hotel-sanmarco.at\/cs\/#\/schema\/logo\/image\/","url":"https:\/\/www.hotel-sanmarco.at\/wp-content\/uploads\/2025\/11\/cropped-Hotel_San_Marco-Logo_ohne_Schrift.png","contentUrl":"https:\/\/www.hotel-sanmarco.at\/wp-content\/uploads\/2025\/11\/cropped-Hotel_San_Marco-Logo_ohne_Schrift.png","width":159,"height":96,"caption":"Hotel San Marco"},"image":{"@id":"https:\/\/www.hotel-sanmarco.at\/cs\/#\/schema\/logo\/image\/"}}]}},"_links":{"self":[{"href":"https:\/\/www.hotel-sanmarco.at\/cs\/wp-json\/wp\/v2\/pages\/380","targetHints":{"allow":["GET"]}}],"collection":[{"href":"https:\/\/www.hotel-sanmarco.at\/cs\/wp-json\/wp\/v2\/pages"}],"about":[{"href":"https:\/\/www.hotel-sanmarco.at\/cs\/wp-json\/wp\/v2\/types\/page"}],"author":[{"embeddable":true,"href":"https:\/\/www.hotel-sanmarco.at\/cs\/wp-json\/wp\/v2\/users\/1"}],"replies":[{"embeddable":true,"href":"https:\/\/www.hotel-sanmarco.at\/cs\/wp-json\/wp\/v2\/comments?post=380"}],"version-history":[{"count":2,"href":"https:\/\/www.hotel-sanmarco.at\/cs\/wp-json\/wp\/v2\/pages\/380\/revisions"}],"predecessor-version":[{"id":757,"href":"https:\/\/www.hotel-sanmarco.at\/cs\/wp-json\/wp\/v2\/pages\/380\/revisions\/757"}],"wp:featuredmedia":[{"embeddable":true,"href":"https:\/\/www.hotel-sanmarco.at\/cs\/wp-json\/wp\/v2\/media\/381"}],"wp:attachment":[{"href":"https:\/\/www.hotel-sanmarco.at\/cs\/wp-json\/wp\/v2\/media?parent=380"}],"curies":[{"name":"wp","href":"https:\/\/api.w.org\/{rel}","templated":true}]}}