{"id":353,"date":"2025-11-24T13:22:34","date_gmt":"2025-11-24T13:22:34","guid":{"rendered":"https:\/\/www.hotel-sanmarco.at\/snidane\/"},"modified":"2025-11-28T15:10:09","modified_gmt":"2025-11-28T15:10:09","slug":"snidane","status":"publish","type":"page","link":"https:\/\/www.hotel-sanmarco.at\/cs\/snidane\/","title":{"rendered":"Sn\u00eddan\u011b"},"content":{"rendered":"\n\n<div class=\"hero-small-wrapper alignfull align wp-block-acf-hero-small is-layout-flow wp-block-acf-hero-small-is-layout-flow\" id=\"block_768d4b993c2e1e6894067eba38d9df42\" >\n\n    <div class=\"hero-small-content\">\n\n<h1 class=\"wp-block-heading\">Sn\u00eddan\u011b v hotelu San Marco v Lannachu<\/h1>\n\n\n\n<h2 class=\"wp-block-heading\">otev\u0159eno pro v\u0161echny, kte\u0159\u00ed cht\u011bj\u00ed dob\u0159e a region\u00e1ln\u011b za\u010d\u00edt den<\/h2>\n\n\n\n<p>Bohat\u00fd sn\u00edda\u0148ov\u00fd bufet pro hosty z regionu a cestovatele, kte\u0159\u00ed miluj\u00ed autenti\u010dnost a up\u0159\u00edmnou atmosf\u00e9ru.<br\/>Za\u010dn\u011bte den odpo\u010dat\u011b \u2013 s dom\u00e1c\u00edmi specialitami, region\u00e1ln\u00edmi surovinami a k\u00e1vou, kter\u00e1 nadchne.<br\/>Srde\u010dn\u011b. Dom\u00e1c\u00ed. Pln\u00fd po\u017eitek.<\/p>\n\n<\/div>\n\n<\/div>\n\n<div class=\"wp-block-media-text has-media-on-the-right is-stacked-on-mobile is-image-fill-element\" style=\"margin-top:var(--wp--preset--spacing--80);margin-bottom:var(--wp--preset--spacing--80)\"><div class=\"wp-block-media-text__content\">\n<h2 class=\"wp-block-heading\">Sn\u00eddan\u011b, kter\u00e1 oslov\u00ed \u2013 pro hotelov\u00e9 hosty a labu\u017en\u00edky z regionu<\/h2>\n\n\n\n<p><strong>\u201eMiluji ten moment, kdy\u017e prvn\u00ed k\u00e1va von\u00ed \u2013 a j\u00e1 v\u00edm: Dnes nemus\u00edm nic. Jen si u\u017e\u00edvat.\u201c<\/strong><\/p>\n\n\n\n<p>Tato my\u0161lenka prov\u00e1z\u00ed mnoho na\u0161ich host\u016f, kte\u0159\u00ed si ze sn\u00eddan\u011b v San Marco ud\u011blali sv\u016fj mal\u00fd obl\u00edben\u00fd ritu\u00e1l.<\/p>\n\n\n\n<p>A\u0165 u\u017e jako rann\u00ed odpo\u010dinek, m\u00edsto setk\u00e1n\u00ed s p\u0159\u00edtelkyn\u011bmi nebo po\u017eitk\u00e1\u0159sk\u00fd start do v\u00edkendu \u2013 u n\u00e1s sn\u00eddaj\u00ed v\u0161ichni, nejen hotelov\u00ed host\u00e9.<\/p>\n\n\n\n<p>Za\u010dn\u011bte den jako u dobr\u00fdch p\u0159\u00e1tel \u2013 s dom\u00e1c\u00edmi specialitami, \u010derstv\u00fdm pe\u010divem a k\u00e1vou, kter\u00e1 chutn\u00e1 po p\u0159\u00edchodu.<\/p>\n\n\n\n<div class=\"wp-block-buttons is-layout-flex wp-block-buttons-is-layout-flex\">\n<div class=\"wp-block-button\"><a class=\"wp-block-button__link wp-element-button\">Rezervovat <strong>j<\/strong>i\u017e nyn\u00ed &amp; u\u017e\u00edvat si<\/a><\/div>\n<\/div>\n<\/div><figure class=\"wp-block-media-text__media\"><img loading=\"lazy\" decoding=\"async\" width=\"1024\" height=\"682\" src=\"https:\/\/www.hotel-sanmarco.at\/wp-content\/uploads\/2025\/11\/Hotel_San_Marco-Fruehstueckszimmer-1024x682.jpeg\" alt=\"\" class=\"wp-image-209 size-full\" style=\"object-position:50% 50%\" srcset=\"https:\/\/www.hotel-sanmarco.at\/wp-content\/uploads\/2025\/11\/Hotel_San_Marco-Fruehstueckszimmer-1024x682.jpeg 1024w, https:\/\/www.hotel-sanmarco.at\/wp-content\/uploads\/2025\/11\/Hotel_San_Marco-Fruehstueckszimmer-300x200.jpeg 300w, https:\/\/www.hotel-sanmarco.at\/wp-content\/uploads\/2025\/11\/Hotel_San_Marco-Fruehstueckszimmer-768x512.jpeg 768w, https:\/\/www.hotel-sanmarco.at\/wp-content\/uploads\/2025\/11\/Hotel_San_Marco-Fruehstueckszimmer.jpeg 1280w\" sizes=\"auto, (max-width: 1024px) 100vw, 1024px\" \/><\/figure><\/div>\n\n<div class=\"align wp-block-acf-icon-grid is-layout-flow wp-block-acf-icon-grid-is-layout-flow\" id=\"block_0e83f8d822cf1785b80920af75f6198a\">\n\n    <div class=\"icon-grid\">\n\n<h2 class=\"wp-block-heading is-style-h5\">Va\u0161e sn\u00edda\u0148ov\u00e9 v\u00fdhody v hotelu San Marco na prvn\u00ed pohled<\/h2>\n\n\n\n<p>Na\u0161e sn\u00eddan\u011b je v\u00edc ne\u017e jen j\u00eddlo. Je to moment uvoln\u011bn\u00ed.<br\/>Pro v\u0161echny, kte\u0159\u00ed cht\u011bj\u00ed za\u010d\u00edt den bez shonu, ale s po\u017eitkem \u2013 i bez ubytov\u00e1n\u00ed v hotelu.<br\/><strong>Co na\u0161i host\u00e9 obzvl\u00e1\u0161t\u011b oce\u0148uj\u00ed \u2013 kvalitu, v\u00fdb\u011br a znatelnou srde\u010dnost:<\/strong><\/p>\n\n\n\n<div class=\"icon-item\">\n            <ul class=\"icon-list\">\n                            <li class=\"item-row\">\n                                            <span class=\"icon\">\n                            <img decoding=\"async\"\n                                    src=\"https:\/\/www.hotel-sanmarco.at\/wp-content\/uploads\/2025\/11\/Hotel_San_Marco-Haekchen_Icon.svg\"\n                                    alt=\"\"\n                            >\n                        <\/span>\n                                        <div class=\"text\">\n                        <p><strong>Sn\u00eddan\u011b denn\u011b od 6:30 do 10:00 hodin<\/strong><\/p>\n                    <\/div>\n                <\/li>\n                            <li class=\"item-row\">\n                                            <span class=\"icon\">\n                            <img decoding=\"async\"\n                                    src=\"https:\/\/www.hotel-sanmarco.at\/wp-content\/uploads\/2025\/11\/Hotel_San_Marco-Haekchen_Icon.svg\"\n                                    alt=\"\"\n                            >\n                        <\/span>\n                                        <div class=\"text\">\n                        <p><strong>Velk\u00fd v\u00fdb\u011br<\/strong> pro ka\u017ed\u00fd vkus<\/p>\n                    <\/div>\n                <\/li>\n                            <li class=\"item-row\">\n                                            <span class=\"icon\">\n                            <img decoding=\"async\"\n                                    src=\"https:\/\/www.hotel-sanmarco.at\/wp-content\/uploads\/2025\/11\/Hotel_San_Marco-Haekchen_Icon.svg\"\n                                    alt=\"\"\n                            >\n                        <\/span>\n                                        <div class=\"text\">\n                        <p><strong>Dom\u00e1c\u00ed<\/strong> marmel\u00e1dy, \u010derstv\u00e9 pomaz\u00e1nky a vaje\u010dn\u00e9 pokrmy<\/p>\n                    <\/div>\n                <\/li>\n                            <li class=\"item-row\">\n                                            <span class=\"icon\">\n                            <img decoding=\"async\"\n                                    src=\"https:\/\/www.hotel-sanmarco.at\/wp-content\/uploads\/2025\/11\/Hotel_San_Marco-Haekchen_Icon.svg\"\n                                    alt=\"\"\n                            >\n                        <\/span>\n                                        <div class=\"text\">\n                        <p><strong>Vysoce kvalitn\u00ed k\u00e1va<\/strong>, \u010daje a region\u00e1ln\u00ed d\u017eusy v cen\u011b<\/p>\n                    <\/div>\n                <\/li>\n                            <li class=\"item-row\">\n                                            <span class=\"icon\">\n                            <img decoding=\"async\"\n                                    src=\"https:\/\/www.hotel-sanmarco.at\/wp-content\/uploads\/2025\/11\/Hotel_San_Marco-Haekchen_Icon.svg\"\n                                    alt=\"\"\n                            >\n                        <\/span>\n                                        <div class=\"text\">\n                        <p>Na p\u0159\u00e1n\u00ed <strong>vegetari\u00e1nsk\u00e1 nebo bezlepkov\u00e1<\/strong><\/p>\n                    <\/div>\n                <\/li>\n                            <li class=\"item-row\">\n                                            <span class=\"icon\">\n                            <img decoding=\"async\"\n                                    src=\"https:\/\/www.hotel-sanmarco.at\/wp-content\/uploads\/2025\/11\/Hotel_San_Marco-Haekchen_Icon.svg\"\n                                    alt=\"\"\n                            >\n                        <\/span>\n                                        <div class=\"text\">\n                        <p><strong>Vhodn\u00e9 pro d\u011bti, klidn\u00e9 a \u00fatuln\u00e9<\/strong><\/p>\n                    <\/div>\n                <\/li>\n                            <li class=\"item-row\">\n                                            <span class=\"icon\">\n                            <img decoding=\"async\"\n                                    src=\"https:\/\/www.hotel-sanmarco.at\/wp-content\/uploads\/2025\/11\/Hotel_San_Marco-Haekchen_Icon.svg\"\n                                    alt=\"\"\n                            >\n                        <\/span>\n                                        <div class=\"text\">\n                        <p>Ide\u00e1ln\u00ed pro <strong>mal\u00e9 skupiny, narozeniny nebo obchodn\u00ed jedn\u00e1n\u00ed<\/strong><\/p>\n                    <\/div>\n                <\/li>\n                    <\/ul>\n    <\/div>\n\n\n\n<div class=\"wp-block-buttons is-layout-flex wp-block-buttons-is-layout-flex\">\n<div class=\"wp-block-button\"><a class=\"wp-block-button__link wp-element-button\"><strong>Rezervujte si sn\u00eddani ji\u017e nyn\u00ed \u2013 i pro denn\u00ed hosty<\/strong><\/a><\/div>\n<\/div>\n\n<\/div>\n\n<\/div>\n\n<div class=\"wp-block-media-text has-media-on-the-right is-stacked-on-mobile is-image-fill-element\" style=\"margin-top:var(--wp--preset--spacing--80);margin-bottom:var(--wp--preset--spacing--80)\"><div class=\"wp-block-media-text__content\">\n<h2 class=\"wp-block-heading\">Sn\u00edda\u0148ov\u00fd poukaz od hotelu San Marco \u2013 darujte po\u017eitek, kter\u00fd spojuje.<\/h2>\n\n\n\n<p>Spole\u010dn\u00e1 sn\u00eddan\u011b je v\u00edc ne\u017e jen d\u00e1rek \u2013 je to \u010das, kter\u00fd sd\u00edl\u00edte.<\/p>\n\n\n\n<p>Darujte po\u017eitek, teplo a chv\u00edli opravdov\u00e9 relaxace v hotelu San Marco v Lannachu.<\/p>\n\n\n\n<p>A\u0165 u\u017e jako malou pozornost, k narozenin\u00e1m nebo jen tak:<br\/>Sn\u00edda\u0148ov\u00fdm poukazem darujete radost, kter\u00e1 chutn\u00e1 \u2013 a vzpom\u00ednky, kter\u00e9 z\u016fstanou.<\/p>\n\n\n\n<div class=\"wp-block-buttons is-layout-flex wp-block-buttons-is-layout-flex\">\n<div class=\"wp-block-button\"><a class=\"wp-block-button__link wp-element-button\">Vy\u017e\u00e1dejte si poukaz nyn\u00ed<\/a><\/div>\n<\/div>\n<\/div><figure class=\"wp-block-media-text__media\"><img loading=\"lazy\" decoding=\"async\" width=\"1024\" height=\"682\" src=\"https:\/\/www.hotel-sanmarco.at\/wp-content\/uploads\/2025\/11\/Hotel_San_Marco-Fruehstueck-1024x682.jpeg\" alt=\"\" class=\"wp-image-769 size-full\" style=\"object-position:50% 50%\" srcset=\"https:\/\/www.hotel-sanmarco.at\/wp-content\/uploads\/2025\/11\/Hotel_San_Marco-Fruehstueck-1024x682.jpeg 1024w, https:\/\/www.hotel-sanmarco.at\/wp-content\/uploads\/2025\/11\/Hotel_San_Marco-Fruehstueck-300x200.jpeg 300w, https:\/\/www.hotel-sanmarco.at\/wp-content\/uploads\/2025\/11\/Hotel_San_Marco-Fruehstueck-768x512.jpeg 768w, https:\/\/www.hotel-sanmarco.at\/wp-content\/uploads\/2025\/11\/Hotel_San_Marco-Fruehstueck.jpeg 1280w\" sizes=\"auto, (max-width: 1024px) 100vw, 1024px\" \/><\/figure><\/div>\n\n<h2 class=\"wp-block-heading has-text-align-center\" style=\"margin-top:var(--wp--preset--spacing--80)\">Hlasy na\u0161ich sn\u00edda\u0148ov\u00fdch host\u016f<\/h2>\n\n<div class=\"align wp-block-acf-testimonial-slide is-layout-flow wp-block-acf-testimonial-slide-is-layout-flow\" id=\"block_334effde4517f0ffaaeaf8ff77678ec3\">\n            <div id=\"splide-block_334effde4517f0ffaaeaf8ff77678ec3\" class=\"reviews testimonial-splide splide\">\n            <div class=\"splide__track\">\n                <ul class=\"splide__list\">\n                                                                    <li class=\"splide__slide\">\n                            <div class=\"testimonial-slide\">\n                                <div class=\"single-testimonial\">\n\n\n                                    <div class=\"content is-style-h5\">\n\n                                        \n                                        <div class=\"info\">\n\n\n                                                                                            <p>Hotel San Marco pravideln\u011b nav\u0161t\u011bvuji a v\u017edy si tam u\u017e\u00edv\u00e1m skv\u011blou sn\u00eddani.<br \/>\nV\u00fdb\u011br je bohat\u00fd, pro ka\u017ed\u00e9ho se n\u011bco najde \u2013 v\u017edy s dom\u00e1c\u00edmi specialitami a velmi p\u0159\u00e1telsk\u00fdm person\u00e1lem. Prost\u0159ed\u00ed je p\u0159\u00edjemn\u00e9 a d\u00edky dobr\u00e9 poloze je San Marco ide\u00e1ln\u00ed i pro obchodn\u00ed jedn\u00e1n\u00ed. <\/p>\n                                            \n                                            <p class=\"name-position\">\n                                                Petra Verena Thomasser                                            <\/p>\n                                        <\/div>\n                                    <\/div>\n                                <\/div>\n                            <\/div>\n                        <\/li>\n                                                                    <li class=\"splide__slide\">\n                            <div class=\"testimonial-slide\">\n                                <div class=\"single-testimonial\">\n\n\n                                    <div class=\"content is-style-h5\">\n\n                                        \n                                        <div class=\"info\">\n\n\n                                                                                            <p>Mil\u00fd t\u00fdm, vynikaj\u00edc\u00ed sn\u00eddan\u011b.<\/p>\n                                            \n                                            <p class=\"name-position\">\n                                                Andreas Gruen                                            <\/p>\n                                        <\/div>\n                                    <\/div>\n                                <\/div>\n                            <\/div>\n                        <\/li>\n                                                                    <li class=\"splide__slide\">\n                            <div class=\"testimonial-slide\">\n                                <div class=\"single-testimonial\">\n\n\n                                    <div class=\"content is-style-h5\">\n\n                                        \n                                        <div class=\"info\">\n\n\n                                                                                            <p>Vynikaj\u00edc\u00ed sn\u00eddan\u011b, p\u0159\u00edjemn\u00e9 prost\u0159ed\u00ed a p\u0159\u00e1telsk\u00fd person\u00e1l. R\u00e1d se sem vrac\u00edm. <\/p>\n                                            \n                                            <p class=\"name-position\">\n                                                Stefan Stampler                                            <\/p>\n                                        <\/div>\n                                    <\/div>\n                                <\/div>\n                            <\/div>\n                        <\/li>\n                    \n                <\/ul>\n            <\/div>\n        <\/div>\n\n        \n    <\/div>\n\n<p class=\"has-text-align-center\"><strong>Tyto ohlasy sl\u00fdch\u00e1me \u010dasto \u2013 a ukazuj\u00ed:<br\/>Dobr\u00e1 sn\u00eddan\u011b spojuje.<\/strong><\/p>\n\n<div class=\"wp-block-buttons is-content-justification-center is-layout-flex wp-container-core-buttons-is-layout-16018d1d wp-block-buttons-is-layout-flex\">\n<div class=\"wp-block-button\"><a class=\"wp-block-button__link has-text-align-center wp-element-button\"><strong>Rezervujte si sn\u00eddani ji\u017e nyn\u00ed<\/strong><\/a><\/div>\n<\/div>\n\n<p class=\"has-text-align-center\" style=\"margin-top:var(--wp--preset--spacing--30)\"><em>Denn\u011b: 6:30\u201310:00 hodin<\/em><\/p>\n\n<figure class=\"wp-block-pullquote\" style=\"margin-top:var(--wp--preset--spacing--80)\"><blockquote><p>Sn\u00eddan\u011b v San Marco je v\u00edc ne\u017e jen za\u010d\u00e1tek dne. <br\/>Je to ten moment, kdy \u010dlov\u011bk doraz\u00ed, s v\u016fn\u00ed k\u00e1vy, \u010derstv\u00e9ho pe\u010diva a pocitem, \u017ee je v\u00edt\u00e1n.<\/p><cite>Va\u0161e obl\u00edben\u00e9 m\u00edsto na v\u00e1s \u010dek\u00e1!<\/cite><\/blockquote><\/figure>\n","protected":false},"excerpt":{"rendered":"<p>Hlasy na\u0161ich sn\u00edda\u0148ov\u00fdch host\u016f Tyto ohlasy sl\u00fdch\u00e1me \u010dasto \u2013 a ukazuj\u00ed:Dobr\u00e1 sn\u00eddan\u011b spojuje. Denn\u011b: 6:30\u201310:00 hodin Sn\u00eddan\u011b v San Marco je v\u00edc ne\u017e jen za\u010d\u00e1tek dne. Je to ten moment, kdy \u010dlov\u011bk doraz\u00ed, s v\u016fn\u00ed k\u00e1vy, \u010derstv\u00e9ho pe\u010diva a pocitem, \u017ee je v\u00edt\u00e1n. Va\u0161e obl\u00edben\u00e9 m\u00edsto na v\u00e1s \u010dek\u00e1!<\/p>\n","protected":false},"author":1,"featured_media":0,"parent":0,"menu_order":0,"comment_status":"closed","ping_status":"closed","template":"","meta":{"_acf_changed":false,"footnotes":""},"class_list":["post-353","page","type-page","status-publish","hentry"],"acf":[],"yoast_head":"<!-- This site is optimized with the Yoast SEO plugin v27.2 - https:\/\/yoast.com\/product\/yoast-seo-wordpress\/ -->\n<title>Sn\u00eddan\u011b - Hotel San Marco<\/title>\n<meta name=\"robots\" content=\"index, follow, max-snippet:-1, max-image-preview:large, max-video-preview:-1\" \/>\n<link rel=\"canonical\" href=\"https:\/\/www.hotel-sanmarco.at\/cs\/snidane\/\" \/>\n<meta property=\"og:locale\" content=\"cs_CZ\" \/>\n<meta property=\"og:type\" content=\"article\" \/>\n<meta property=\"og:title\" content=\"Sn\u00eddan\u011b - Hotel San Marco\" \/>\n<meta property=\"og:description\" content=\"Hlasy na\u0161ich sn\u00edda\u0148ov\u00fdch host\u016f Tyto ohlasy sl\u00fdch\u00e1me \u010dasto \u2013 a ukazuj\u00ed:Dobr\u00e1 sn\u00eddan\u011b spojuje. Denn\u011b: 6:30\u201310:00 hodin Sn\u00eddan\u011b v San Marco je v\u00edc ne\u017e jen za\u010d\u00e1tek dne. Je to ten moment, kdy \u010dlov\u011bk doraz\u00ed, s v\u016fn\u00ed k\u00e1vy, \u010derstv\u00e9ho pe\u010diva a pocitem, \u017ee je v\u00edt\u00e1n. Va\u0161e obl\u00edben\u00e9 m\u00edsto na v\u00e1s \u010dek\u00e1!\" \/>\n<meta property=\"og:url\" content=\"https:\/\/www.hotel-sanmarco.at\/cs\/snidane\/\" \/>\n<meta property=\"og:site_name\" content=\"Hotel San Marco\" \/>\n<meta property=\"article:modified_time\" content=\"2025-11-28T15:10:09+00:00\" \/>\n<meta property=\"og:image\" content=\"https:\/\/www.hotel-sanmarco.at\/wp-content\/uploads\/2025\/11\/Hotel_San_Marco-Fruehstueckszimmer.jpeg\" \/>\n\t<meta property=\"og:image:width\" content=\"1280\" \/>\n\t<meta property=\"og:image:height\" content=\"853\" \/>\n\t<meta property=\"og:image:type\" content=\"image\/jpeg\" \/>\n<meta name=\"twitter:card\" content=\"summary_large_image\" \/>\n<meta name=\"twitter:label1\" content=\"Odhadovan\u00e1 doba \u010dten\u00ed\" \/>\n\t<meta name=\"twitter:data1\" content=\"2 minuty\" \/>\n<script type=\"application\/ld+json\" class=\"yoast-schema-graph\">{\"@context\":\"https:\/\/schema.org\",\"@graph\":[{\"@type\":\"WebPage\",\"@id\":\"https:\/\/www.hotel-sanmarco.at\/cs\/snidane\/\",\"url\":\"https:\/\/www.hotel-sanmarco.at\/cs\/snidane\/\",\"name\":\"Sn\u00eddan\u011b - Hotel San Marco\",\"isPartOf\":{\"@id\":\"https:\/\/www.hotel-sanmarco.at\/cs\/#website\"},\"primaryImageOfPage\":{\"@id\":\"https:\/\/www.hotel-sanmarco.at\/cs\/snidane\/#primaryimage\"},\"image\":{\"@id\":\"https:\/\/www.hotel-sanmarco.at\/cs\/snidane\/#primaryimage\"},\"thumbnailUrl\":\"https:\/\/www.hotel-sanmarco.at\/wp-content\/uploads\/2025\/11\/Hotel_San_Marco-Fruehstueckszimmer-1024x682.jpeg\",\"datePublished\":\"2025-11-24T13:22:34+00:00\",\"dateModified\":\"2025-11-28T15:10:09+00:00\",\"breadcrumb\":{\"@id\":\"https:\/\/www.hotel-sanmarco.at\/cs\/snidane\/#breadcrumb\"},\"inLanguage\":\"cs\",\"potentialAction\":[{\"@type\":\"ReadAction\",\"target\":[\"https:\/\/www.hotel-sanmarco.at\/cs\/snidane\/\"]}]},{\"@type\":\"ImageObject\",\"inLanguage\":\"cs\",\"@id\":\"https:\/\/www.hotel-sanmarco.at\/cs\/snidane\/#primaryimage\",\"url\":\"https:\/\/www.hotel-sanmarco.at\/wp-content\/uploads\/2025\/11\/Hotel_San_Marco-Fruehstueckszimmer-1024x682.jpeg\",\"contentUrl\":\"https:\/\/www.hotel-sanmarco.at\/wp-content\/uploads\/2025\/11\/Hotel_San_Marco-Fruehstueckszimmer-1024x682.jpeg\"},{\"@type\":\"BreadcrumbList\",\"@id\":\"https:\/\/www.hotel-sanmarco.at\/cs\/snidane\/#breadcrumb\",\"itemListElement\":[{\"@type\":\"ListItem\",\"position\":1,\"name\":\"Startseite\",\"item\":\"https:\/\/www.hotel-sanmarco.at\/cs\/\"},{\"@type\":\"ListItem\",\"position\":2,\"name\":\"Sn\u00eddan\u011b\"}]},{\"@type\":\"WebSite\",\"@id\":\"https:\/\/www.hotel-sanmarco.at\/cs\/#website\",\"url\":\"https:\/\/www.hotel-sanmarco.at\/cs\/\",\"name\":\"Hotel San Marco\",\"description\":\"Ihr Hotel in Lannach in der N\u00e4he von Graz. Echt. Herzlich. Famili\u00e4r.\",\"publisher\":{\"@id\":\"https:\/\/www.hotel-sanmarco.at\/cs\/#organization\"},\"potentialAction\":[{\"@type\":\"SearchAction\",\"target\":{\"@type\":\"EntryPoint\",\"urlTemplate\":\"https:\/\/www.hotel-sanmarco.at\/cs\/?s={search_term_string}\"},\"query-input\":{\"@type\":\"PropertyValueSpecification\",\"valueRequired\":true,\"valueName\":\"search_term_string\"}}],\"inLanguage\":\"cs\"},{\"@type\":\"Organization\",\"@id\":\"https:\/\/www.hotel-sanmarco.at\/cs\/#organization\",\"name\":\"Hotel San Marco\",\"url\":\"https:\/\/www.hotel-sanmarco.at\/cs\/\",\"logo\":{\"@type\":\"ImageObject\",\"inLanguage\":\"cs\",\"@id\":\"https:\/\/www.hotel-sanmarco.at\/cs\/#\/schema\/logo\/image\/\",\"url\":\"https:\/\/www.hotel-sanmarco.at\/wp-content\/uploads\/2025\/11\/cropped-Hotel_San_Marco-Logo_ohne_Schrift.png\",\"contentUrl\":\"https:\/\/www.hotel-sanmarco.at\/wp-content\/uploads\/2025\/11\/cropped-Hotel_San_Marco-Logo_ohne_Schrift.png\",\"width\":159,\"height\":96,\"caption\":\"Hotel San Marco\"},\"image\":{\"@id\":\"https:\/\/www.hotel-sanmarco.at\/cs\/#\/schema\/logo\/image\/\"}}]}<\/script>\n<!-- \/ Yoast SEO plugin. -->","yoast_head_json":{"title":"Sn\u00eddan\u011b - Hotel San Marco","robots":{"index":"index","follow":"follow","max-snippet":"max-snippet:-1","max-image-preview":"max-image-preview:large","max-video-preview":"max-video-preview:-1"},"canonical":"https:\/\/www.hotel-sanmarco.at\/cs\/snidane\/","og_locale":"cs_CZ","og_type":"article","og_title":"Sn\u00eddan\u011b - Hotel San Marco","og_description":"Hlasy na\u0161ich sn\u00edda\u0148ov\u00fdch host\u016f Tyto ohlasy sl\u00fdch\u00e1me \u010dasto \u2013 a ukazuj\u00ed:Dobr\u00e1 sn\u00eddan\u011b spojuje. Denn\u011b: 6:30\u201310:00 hodin Sn\u00eddan\u011b v San Marco je v\u00edc ne\u017e jen za\u010d\u00e1tek dne. Je to ten moment, kdy \u010dlov\u011bk doraz\u00ed, s v\u016fn\u00ed k\u00e1vy, \u010derstv\u00e9ho pe\u010diva a pocitem, \u017ee je v\u00edt\u00e1n. Va\u0161e obl\u00edben\u00e9 m\u00edsto na v\u00e1s \u010dek\u00e1!","og_url":"https:\/\/www.hotel-sanmarco.at\/cs\/snidane\/","og_site_name":"Hotel San Marco","article_modified_time":"2025-11-28T15:10:09+00:00","og_image":[{"width":1280,"height":853,"url":"https:\/\/www.hotel-sanmarco.at\/wp-content\/uploads\/2025\/11\/Hotel_San_Marco-Fruehstueckszimmer.jpeg","type":"image\/jpeg"}],"twitter_card":"summary_large_image","twitter_misc":{"Odhadovan\u00e1 doba \u010dten\u00ed":"2 minuty"},"schema":{"@context":"https:\/\/schema.org","@graph":[{"@type":"WebPage","@id":"https:\/\/www.hotel-sanmarco.at\/cs\/snidane\/","url":"https:\/\/www.hotel-sanmarco.at\/cs\/snidane\/","name":"Sn\u00eddan\u011b - Hotel San Marco","isPartOf":{"@id":"https:\/\/www.hotel-sanmarco.at\/cs\/#website"},"primaryImageOfPage":{"@id":"https:\/\/www.hotel-sanmarco.at\/cs\/snidane\/#primaryimage"},"image":{"@id":"https:\/\/www.hotel-sanmarco.at\/cs\/snidane\/#primaryimage"},"thumbnailUrl":"https:\/\/www.hotel-sanmarco.at\/wp-content\/uploads\/2025\/11\/Hotel_San_Marco-Fruehstueckszimmer-1024x682.jpeg","datePublished":"2025-11-24T13:22:34+00:00","dateModified":"2025-11-28T15:10:09+00:00","breadcrumb":{"@id":"https:\/\/www.hotel-sanmarco.at\/cs\/snidane\/#breadcrumb"},"inLanguage":"cs","potentialAction":[{"@type":"ReadAction","target":["https:\/\/www.hotel-sanmarco.at\/cs\/snidane\/"]}]},{"@type":"ImageObject","inLanguage":"cs","@id":"https:\/\/www.hotel-sanmarco.at\/cs\/snidane\/#primaryimage","url":"https:\/\/www.hotel-sanmarco.at\/wp-content\/uploads\/2025\/11\/Hotel_San_Marco-Fruehstueckszimmer-1024x682.jpeg","contentUrl":"https:\/\/www.hotel-sanmarco.at\/wp-content\/uploads\/2025\/11\/Hotel_San_Marco-Fruehstueckszimmer-1024x682.jpeg"},{"@type":"BreadcrumbList","@id":"https:\/\/www.hotel-sanmarco.at\/cs\/snidane\/#breadcrumb","itemListElement":[{"@type":"ListItem","position":1,"name":"Startseite","item":"https:\/\/www.hotel-sanmarco.at\/cs\/"},{"@type":"ListItem","position":2,"name":"Sn\u00eddan\u011b"}]},{"@type":"WebSite","@id":"https:\/\/www.hotel-sanmarco.at\/cs\/#website","url":"https:\/\/www.hotel-sanmarco.at\/cs\/","name":"Hotel San Marco","description":"Ihr Hotel in Lannach in der N\u00e4he von Graz. Echt. Herzlich. Famili\u00e4r.","publisher":{"@id":"https:\/\/www.hotel-sanmarco.at\/cs\/#organization"},"potentialAction":[{"@type":"SearchAction","target":{"@type":"EntryPoint","urlTemplate":"https:\/\/www.hotel-sanmarco.at\/cs\/?s={search_term_string}"},"query-input":{"@type":"PropertyValueSpecification","valueRequired":true,"valueName":"search_term_string"}}],"inLanguage":"cs"},{"@type":"Organization","@id":"https:\/\/www.hotel-sanmarco.at\/cs\/#organization","name":"Hotel San Marco","url":"https:\/\/www.hotel-sanmarco.at\/cs\/","logo":{"@type":"ImageObject","inLanguage":"cs","@id":"https:\/\/www.hotel-sanmarco.at\/cs\/#\/schema\/logo\/image\/","url":"https:\/\/www.hotel-sanmarco.at\/wp-content\/uploads\/2025\/11\/cropped-Hotel_San_Marco-Logo_ohne_Schrift.png","contentUrl":"https:\/\/www.hotel-sanmarco.at\/wp-content\/uploads\/2025\/11\/cropped-Hotel_San_Marco-Logo_ohne_Schrift.png","width":159,"height":96,"caption":"Hotel San Marco"},"image":{"@id":"https:\/\/www.hotel-sanmarco.at\/cs\/#\/schema\/logo\/image\/"}}]}},"_links":{"self":[{"href":"https:\/\/www.hotel-sanmarco.at\/cs\/wp-json\/wp\/v2\/pages\/353","targetHints":{"allow":["GET"]}}],"collection":[{"href":"https:\/\/www.hotel-sanmarco.at\/cs\/wp-json\/wp\/v2\/pages"}],"about":[{"href":"https:\/\/www.hotel-sanmarco.at\/cs\/wp-json\/wp\/v2\/types\/page"}],"author":[{"embeddable":true,"href":"https:\/\/www.hotel-sanmarco.at\/cs\/wp-json\/wp\/v2\/users\/1"}],"replies":[{"embeddable":true,"href":"https:\/\/www.hotel-sanmarco.at\/cs\/wp-json\/wp\/v2\/comments?post=353"}],"version-history":[{"count":2,"href":"https:\/\/www.hotel-sanmarco.at\/cs\/wp-json\/wp\/v2\/pages\/353\/revisions"}],"predecessor-version":[{"id":773,"href":"https:\/\/www.hotel-sanmarco.at\/cs\/wp-json\/wp\/v2\/pages\/353\/revisions\/773"}],"wp:attachment":[{"href":"https:\/\/www.hotel-sanmarco.at\/cs\/wp-json\/wp\/v2\/media?parent=353"}],"curies":[{"name":"wp","href":"https:\/\/api.w.org\/{rel}","templated":true}]}}